{"id":6160,"date":"2011-12-06T04:25:04","date_gmt":"2011-12-06T10:25:04","guid":{"rendered":"https:\/\/www.lakeareafreeclinic.org\/acerca-de-lafc\/"},"modified":"2022-07-21T15:05:35","modified_gmt":"2022-07-21T20:05:35","slug":"acerca-de-lafc","status":"publish","type":"page","link":"https:\/\/www.lakeareafreeclinic.org\/es\/acerca-de-lafc\/","title":{"rendered":"Acerca de LAFC"},"content":{"rendered":"\n\n\t\t<h2>\n\t\t\tAcerca de la Cl\u00ednica Gratuita del \u00c1rea del Lago\n\t\t<\/h2>\n\t\t\t<p>\u00a0Desde que se abrieron sus puertas en julio de 2001, la <strong>Cl\u00ednica Gratuita<\/strong> del <strong>\u00c1rea del Lago<\/strong> ha recibido a personas y familias quien faltan seguro m\u00e9dico y sus ingresos est\u00e1n debajo del 250% del nivel federal de pobreza. Muchas de estas personas trabajan a tiempo completo, pero no se les ofrece seguro m\u00e9dico o no pueden pagar las primas.<\/p>\t\t\n\t<p>Estamos ubicados en 856 B Armor Road en Oconomowoc.<\/p>\n\t<iframe src=\"https:\/\/www.google.com\/maps\/embed\/v1\/place?q=856+Armor+Road+Oconomowoc+WI%0A&#038;key=AIzaSyD09zQ9PNDNNy9TadMuzRV_UsPUoWKntt8\" aria-hidden=\"true\"><\/iframe>\n\t\t\t\t\t\t<img decoding=\"async\" src=\"https:\/\/www.lakeareafreeclinic.org\/wp-content\/uploads\/2020\/07\/Logo-image-only-45.png\" alt=\"Logo-image-only-45\" \/>\n\t<p>Damos servicio <strong>a todo el condado de Waukesha, adem\u00e1s del distrito escolar del \u00e1rea de Oconomowoc<\/strong> (que incluye Summit, Ixonia y Meadowview). El siguiente mapa muestra el \u00e1rea de servicio del Distrito Escolar del \u00c1rea de Oconomowoc.<\/p>\n\t\t\t\t<img loading=\"lazy\" decoding=\"async\" src=\"https:\/\/www.lakeareafreeclinic.org\/wp-content\/uploads\/2011\/12\/mapSmall.jpg\" alt=\"Mapa del \u00e1rea de servicio\" itemprop=\"image\" height=\"574\" width=\"400\" title=\"Mapa del \u00e1rea de servicio\" onerror=\"this.style.display='none'\"  \/>\n\t\t\t\t\t\t\t<a href=\"https:\/\/www.lakeareafreeclinic.org\/wp-content\/uploads\/2022\/02\/LAFC-Fact-Sheet-2022-FINAL.pdf\" target=\"_blank\" rel=\"noopener\">\n\t\t\t\t\t\t\t\t\t\t<h3>Hoja informativa de 2022<\/h3>\n\t\t\t\t\t\t\t\t<p>Vea nuestra hoja informativa actual para ver a cu\u00e1ntos pacientes atendemos en nuestras cl\u00ednicas m\u00e9dicas y dentales y mucho m\u00e1s. . .<\/p>\t\t\t\t\t\t\t\n\t\t\t\t\t\t\t\t\t<\/a>\n\t\t\t\t\t\t<img decoding=\"async\" src=\"https:\/\/www.lakeareafreeclinic.org\/wp-content\/uploads\/2020\/07\/Logo-image-only-45.png\" alt=\"Logo-image-only-45\" \/>\n<h4>\n\t\tRecorrido virtual de la cl\u00ednica gratuita Lake Area\n\t<\/h4>\n\t<iframe loading=\"lazy\" title=\"LAFC Tour\" width=\"500\" height=\"281\" src=\"https:\/\/www.youtube.com\/embed\/iWHKcEAtg4w?feature=oembed\" frameborder=\"0\" allow=\"accelerometer; autoplay; clipboard-write; encrypted-media; gyroscope; picture-in-picture\" allowfullscreen><\/iframe>\n\t\t\t\t\t\t<img decoding=\"async\" src=\"https:\/\/www.lakeareafreeclinic.org\/wp-content\/uploads\/2020\/07\/Logo-image-only-45.png\" alt=\"Logo-image-only-45\" \/>\n\n","protected":false},"excerpt":{"rendered":"<p>Acerca de la Cl\u00ednica Gratuita del \u00c1rea del Lago \u00a0Desde que se abrieron sus puertas en julio de 2001, la Cl\u00ednica Gratuita del \u00c1rea del Lago ha recibido a personas y familias quien faltan seguro m\u00e9dico y sus ingresos est\u00e1n debajo del 250% del nivel federal de pobreza. Muchas de estas personas trabajan a tiempo [&hellip;]<\/p>\n","protected":false},"author":1,"featured_media":0,"parent":0,"menu_order":0,"comment_status":"closed","ping_status":"closed","template":"","meta":{"_exactmetrics_skip_tracking":false,"_exactmetrics_sitenote_active":false,"_exactmetrics_sitenote_note":"","_exactmetrics_sitenote_category":0,"site-sidebar-layout":"default","site-content-layout":"default","ast-site-content-layout":"default","site-content-style":"default","site-sidebar-style":"default","ast-global-header-display":"","ast-banner-title-visibility":"","ast-main-header-display":"","ast-hfb-above-header-display":"","ast-hfb-below-header-display":"","ast-hfb-mobile-header-display":"","site-post-title":"disabled","ast-breadcrumbs-content":"","ast-featured-img":"","footer-sml-layout":"","theme-transparent-header-meta":"default","adv-header-id-meta":"","stick-header-meta":"default","header-above-stick-meta":"","header-main-stick-meta":"","header-below-stick-meta":"","astra-migrate-meta-layouts":"default","ast-page-background-enabled":"default","ast-page-background-meta":{"desktop":{"background-color":"","background-image":"","background-repeat":"repeat","background-position":"center center","background-size":"auto","background-attachment":"scroll","background-type":"","background-media":"","overlay-type":"","overlay-color":"","overlay-opacity":"","overlay-gradient":""},"tablet":{"background-color":"","background-image":"","background-repeat":"repeat","background-position":"center center","background-size":"auto","background-attachment":"scroll","background-type":"","background-media":"","overlay-type":"","overlay-color":"","overlay-opacity":"","overlay-gradient":""},"mobile":{"background-color":"","background-image":"","background-repeat":"repeat","background-position":"center center","background-size":"auto","background-attachment":"scroll","background-type":"","background-media":"","overlay-type":"","overlay-color":"","overlay-opacity":"","overlay-gradient":""}},"ast-content-background-meta":{"desktop":{"background-color":"var(--ast-global-color-5)","background-image":"","background-repeat":"repeat","background-position":"center center","background-size":"auto","background-attachment":"scroll","background-type":"","background-media":"","overlay-type":"","overlay-color":"","overlay-opacity":"","overlay-gradient":""},"tablet":{"background-color":"var(--ast-global-color-5)","background-image":"","background-repeat":"repeat","background-position":"center center","background-size":"auto","background-attachment":"scroll","background-type":"","background-media":"","overlay-type":"","overlay-color":"","overlay-opacity":"","overlay-gradient":""},"mobile":{"background-color":"var(--ast-global-color-5)","background-image":"","background-repeat":"repeat","background-position":"center center","background-size":"auto","background-attachment":"scroll","background-type":"","background-media":"","overlay-type":"","overlay-color":"","overlay-opacity":"","overlay-gradient":""}},"footnotes":""},"class_list":["post-6160","page","type-page","status-publish","hentry"],"aioseo_notices":[],"_links":{"self":[{"href":"https:\/\/www.lakeareafreeclinic.org\/es\/wp-json\/wp\/v2\/pages\/6160","targetHints":{"allow":["GET"]}}],"collection":[{"href":"https:\/\/www.lakeareafreeclinic.org\/es\/wp-json\/wp\/v2\/pages"}],"about":[{"href":"https:\/\/www.lakeareafreeclinic.org\/es\/wp-json\/wp\/v2\/types\/page"}],"author":[{"embeddable":true,"href":"https:\/\/www.lakeareafreeclinic.org\/es\/wp-json\/wp\/v2\/users\/1"}],"replies":[{"embeddable":true,"href":"https:\/\/www.lakeareafreeclinic.org\/es\/wp-json\/wp\/v2\/comments?post=6160"}],"version-history":[{"count":6,"href":"https:\/\/www.lakeareafreeclinic.org\/es\/wp-json\/wp\/v2\/pages\/6160\/revisions"}],"predecessor-version":[{"id":6710,"href":"https:\/\/www.lakeareafreeclinic.org\/es\/wp-json\/wp\/v2\/pages\/6160\/revisions\/6710"}],"wp:attachment":[{"href":"https:\/\/www.lakeareafreeclinic.org\/es\/wp-json\/wp\/v2\/media?parent=6160"}],"curies":[{"name":"wp","href":"https:\/\/api.w.org\/{rel}","templated":true}]}}