{"id":6164,"date":"2011-12-06T04:24:48","date_gmt":"2011-12-06T10:24:48","guid":{"rendered":"https:\/\/www.lakeareafreeclinic.org\/casa\/"},"modified":"2024-05-30T13:13:26","modified_gmt":"2024-05-30T18:13:26","slug":"casa","status":"publish","type":"page","link":"https:\/\/www.lakeareafreeclinic.org\/es\/","title":{"rendered":"Hogar"},"content":{"rendered":"\n\n\t<h1>Cl\u00ednica gratuita del \u00e1rea del lago<\/h1>\n<h3><strong>PRESTACI\u00d3N DE SERVICIOS M\u00c9DICOS GRATUITO Y DENTAL DE TARIFA REDUCIDA<\/strong><\/h3>\n\t\t\t<a href=\"https:\/\/www.lakeareafreeclinic.org\/es\/haz-una-donacion\/\" target=\"_self\" rel=\"noopener\">\n\t\t\t\t\t\tDONAR\n\t\t\t\t\t<\/a>\n<h3>\n\t\t&#8220;Nuestra misi\u00f3n es mejorar la salud en general de las personas que necesiten ayuda.&#8221;\n\t<\/h3>\n\t<h2>\u00daltimas noticias<\/h2>\n\t\t<blockquote cite=\"https:\/\/www.facebook.com\/Lake-Area-Free-Clinic-354584100831\/\"><a href=\"https:\/\/www.facebook.com\/Lake-Area-Free-Clinic-354584100831\/\"><\/a><\/blockquote>\n\t\t\t\t\t\t<img decoding=\"async\" src=\"https:\/\/www.lakeareafreeclinic.org\/wp-content\/uploads\/2020\/07\/Logo-image-only-45.png\" alt=\"Logo-image-only-45\" \/>\n<h3>\n\t\tCon\u00e9ctate con nosotros\n\t<\/h3>\n\t\t<link itemprop=\"url\" href=\"https:\/\/www.lakeareafreeclinic.org\"\/>\n\t\t<a itemprop=\"sameAs\" href=\"https:\/\/www.facebook.com\/Lake-Area-Free-Clinic-354584100831\/\" target=\"_blank\" title=\"Facebook\" aria-label=\"Facebook\" role=\"button\" rel=\"noopener noreferrer external\">\n\t\t\t\t\t<\/a>\n\t\t<link itemprop=\"url\" href=\"https:\/\/www.lakeareafreeclinic.org\"\/>\n\t\t<a itemprop=\"sameAs\" href=\"https:\/\/www.instagram.com\/lake_area_free_clinic\/\" target=\"_blank\" title=\"Instagram\" aria-label=\"Instagram\" role=\"button\" rel=\"noopener noreferrer external\">\n\t\t\t\t\t<\/a>\n\t\t<link itemprop=\"url\" href=\"https:\/\/www.lakeareafreeclinic.org\"\/>\n\t\t<a itemprop=\"sameAs\" href=\"https:\/\/www.linkedin.com\/company\/lake-area-free-clinic\" target=\"_blank\" title=\"LinkedIn\" aria-label=\"LinkedIn\" role=\"button\" rel=\"noopener noreferrer external\">\n\t\t\t\t\t<\/a>\n\t\t<link itemprop=\"url\" href=\"https:\/\/www.lakeareafreeclinic.org\"\/>\n\t\t<a itemprop=\"sameAs\" href=\"https:\/\/www.youtube.com\/channel\/UCdNHrioHXoRA4JY9teL45bg\" target=\"_blank\" title=\"YouTube\" aria-label=\"YouTube\" role=\"button\" rel=\"noopener noreferrer external\">\n\t\t\t\t\t<\/a>\n\t\t\t\t\t\t<img decoding=\"async\" src=\"https:\/\/www.lakeareafreeclinic.org\/wp-content\/uploads\/2020\/07\/Logo-image-only-45.png\" alt=\"Logo-image-only-45\" \/>\n<h3>\n\t\tMarque sus calendarios\n\t<\/h3>\n\t<strong>Saturday, September 9<\/strong><br \/>\n<strong>LAFC Gala<\/strong><br \/>\nJoin us for the Clinic&#8217;s 19th annual Gala at The Ingleside Hotel in Pewaukee.<br \/>\n5:30 PM &#8211; 9:00 PM\n\t<meta itemscope itemprop=\"mainEntityOfPage\" itemtype=\"https:\/\/schema.org\/WebPage\" itemid=\"https:\/\/www.lakeareafreeclinic.org\/es\/newsroom\/\" content=\"Summer 2023 Newsletter\" \/><meta itemprop=\"datePublished\" content=\"2023-07-15\" \/><meta itemprop=\"dateModified\" content=\"2023-07-18\" \/><meta itemprop=\"name\" content=\"Lake Area Free Clinic\"\/><meta itemprop=\"url\" content=\"https:\/\/www.lakeareafreeclinic.org\/wp-content\/uploads\/2019\/08\/cropped-lakeareafreecliniclogo-highest-res.jpg\"\/><meta itemprop=\"url\" content=\"https:\/\/www.lakeareafreeclinic.org\/es\/author\/vistalafc\/\" \/><meta itemprop=\"name\" content=\"vista lafc\" \/><meta itemprop=\"url\" content=\"https:\/\/www.lakeareafreeclinic.org\/wp-content\/uploads\/2022\/10\/Clinic-Connection.jpg\" \/><meta itemprop=\"width\" content=\"1100\" \/><meta itemprop=\"height\" content=\"348\" \/><meta itemprop=\"interactionType\" content=\"https:\/\/schema.org\/CommentAction\" \/><meta itemprop=\"userInteractionCount\" content=\"0\" \/>\n\t\t\t\t\t<a href=\"https:\/\/www.lakeareafreeclinic.org\/es\/newsroom\/\" title=\"Summer 2023 Newsletter\"><\/a>\n\t\t\t\t<img loading=\"lazy\" decoding=\"async\" src=\"https:\/\/www.lakeareafreeclinic.org\/wp-content\/uploads\/2022\/10\/Clinic-Connection-1024x324.jpg\" alt=\"Clinic Connection\" itemprop=\"image\" data-no-lazy=\"1\" height=\"324\" width=\"1024\" title=\"Clinic Connection\" onerror=\"this.style.display='none'\"  \/>\n\t\t\t\t\t\t\tJul\n\t\t\t\t15\n\t\t\t\t\t\t\t\t\t<h3 itemprop=\"headline\">\n\t\t\t\t\t\t\t\t\t\t\t\t\t\tSummer 2023 Newsletter\t\t\t\t\t\t\t\t\t\t\t<\/h3>\n    <p>Haga clic aqu\u00ed para leer nuestro bolet\u00edn m\u00e1s reciente.<\/p>\n\t<meta itemscope itemprop=\"mainEntityOfPage\" itemtype=\"https:\/\/schema.org\/WebPage\" itemid=\"https:\/\/www.lakeareafreeclinic.org\/es\/heroes-notables-en-el-cuidado-de-la-salud\/\" content=\"H\u00e9roes notables en el cuidado de la salud\" \/><meta itemprop=\"datePublished\" content=\"2023-05-04\" \/><meta itemprop=\"dateModified\" content=\"2022-02-06\" \/><meta itemprop=\"name\" content=\"Lake Area Free Clinic\"\/><meta itemprop=\"url\" content=\"https:\/\/www.lakeareafreeclinic.org\/wp-content\/uploads\/2019\/08\/cropped-lakeareafreecliniclogo-highest-res.jpg\"\/><meta itemprop=\"url\" content=\"https:\/\/www.lakeareafreeclinic.org\/es\/author\/vistalafc\/\" \/><meta itemprop=\"name\" content=\"vista lafc\" \/><meta itemprop=\"url\" content=\"https:\/\/www.lakeareafreeclinic.org\/wp-content\/uploads\/2023\/05\/Oconomowoc-Ent-Photo-May-4-2023.jpeg\" \/><meta itemprop=\"width\" content=\"1200\" \/><meta itemprop=\"height\" content=\"1164\" \/><meta itemprop=\"interactionType\" content=\"https:\/\/schema.org\/CommentAction\" \/><meta itemprop=\"userInteractionCount\" content=\"0\" \/>\n\t\t\t\t\t<a href=\"https:\/\/www.lakeareafreeclinic.org\/es\/heroes-notables-en-el-cuidado-de-la-salud\/\" title=\"H\u00e9roes notables en el cuidado de la salud\"><\/a>\n\t\t\t\t<img loading=\"lazy\" decoding=\"async\" src=\"https:\/\/www.lakeareafreeclinic.org\/wp-content\/uploads\/2023\/05\/Oconomowoc-Ent-Photo-May-4-2023-1024x993.jpeg\" alt=\"Oconomowoc Ent Photo May 4, 2023\" itemprop=\"image\" data-no-lazy=\"1\" height=\"993\" width=\"1024\" title=\"Oconomowoc Ent Photo May 4, 2023\" onerror=\"this.style.display='none'\"  \/>\n\t\t\t\t\t\t\tMay\n\t\t\t\t04\n\t\t\t\t\t\t\t\t\t<h3 itemprop=\"headline\">\n\t\t\t\t\t\t\t\t\t\t\t\t\t\tH\u00e9roes notables en el cuidado de la salud\t\t\t\t\t\t\t\t\t\t\t<\/h3>\n    <p>Crystal Cepican, administradora de casos de RN biling\u00fce en la Cl\u00ednica Gratuita del \u00c1rea del Lago, ha sido reconocida como H\u00e9roe Notable en el Cuidado de la Salud por BizTimes.<\/p>\n\t<meta itemscope itemprop=\"mainEntityOfPage\" itemtype=\"https:\/\/schema.org\/WebPage\" itemid=\"https:\/\/www.lakeareafreeclinic.org\/es\/lista-de-deseos\/\" content=\"Lista de deseos\" \/><meta itemprop=\"datePublished\" content=\"2022-04-18\" \/><meta itemprop=\"dateModified\" content=\"2022-04-18\" \/><meta itemprop=\"name\" content=\"Lake Area Free Clinic\"\/><meta itemprop=\"url\" content=\"https:\/\/www.lakeareafreeclinic.org\/wp-content\/uploads\/2019\/08\/cropped-lakeareafreecliniclogo-highest-res.jpg\"\/><meta itemprop=\"url\" content=\"https:\/\/www.lakeareafreeclinic.org\/es\/author\/vistalafc\/\" \/><meta itemprop=\"name\" content=\"vista lafc\" \/><meta itemprop=\"url\" content=\"https:\/\/www.lakeareafreeclinic.org\/wp-content\/uploads\/2022\/02\/Home-Page-Photo-4-scaled.jpg\" \/><meta itemprop=\"width\" content=\"1920\" \/><meta itemprop=\"height\" content=\"2560\" \/><meta itemprop=\"interactionType\" content=\"https:\/\/schema.org\/CommentAction\" \/><meta itemprop=\"userInteractionCount\" content=\"0\" \/>\n\t\t\t\t\t<a href=\"https:\/\/www.lakeareafreeclinic.org\/es\/lista-de-deseos\/\" title=\"Lista de deseos\"><\/a>\n\t\t\t\t<img loading=\"lazy\" decoding=\"async\" src=\"https:\/\/www.lakeareafreeclinic.org\/wp-content\/uploads\/2022\/02\/Home-Page-Photo-4-768x1024.jpg\" alt=\"P\u00e1gina de inicio Foto 4\" itemprop=\"image\" data-no-lazy=\"1\" height=\"1024\" width=\"768\" title=\"P\u00e1gina de inicio Foto 4\" onerror=\"this.style.display='none'\"  \/>\n\t\t\t\t\t\t\tAbr\n\t\t\t\t18\n\t\t\t\t\t\t\t\t\t<h3 itemprop=\"headline\">\n\t\t\t\t\t\t\t\t\t\t\t\t\t\tLista de deseos\t\t\t\t\t\t\t\t\t\t\t<\/h3>\n    <p>Valoramos los regalos de suministros de oficina y medicamentos. Haga clic para ver una lista de suministros que podemos usar.<\/p>\n\t<meta itemscope itemprop=\"mainEntityOfPage\" itemtype=\"https:\/\/schema.org\/WebPage\" itemid=\"https:\/\/www.lakeareafreeclinic.org\/es\/gira-lafc\/\" content=\"Gira LAFC\" \/><meta itemprop=\"datePublished\" content=\"2022-02-11\" \/><meta itemprop=\"dateModified\" content=\"2022-03-29\" \/><meta itemprop=\"name\" content=\"Lake Area Free Clinic\"\/><meta itemprop=\"url\" content=\"https:\/\/www.lakeareafreeclinic.org\/wp-content\/uploads\/2019\/08\/cropped-lakeareafreecliniclogo-highest-res.jpg\"\/><meta itemprop=\"url\" content=\"https:\/\/www.lakeareafreeclinic.org\/es\/author\/vistalafc\/\" \/><meta itemprop=\"name\" content=\"vista lafc\" \/><meta itemprop=\"url\" content=\"https:\/\/www.lakeareafreeclinic.org\/wp-content\/uploads\/2022\/02\/Tour-with-Jessica.jpg\" \/><meta itemprop=\"width\" content=\"2048\" \/><meta itemprop=\"height\" content=\"1536\" \/><meta itemprop=\"interactionType\" content=\"https:\/\/schema.org\/CommentAction\" \/><meta itemprop=\"userInteractionCount\" content=\"0\" \/>\n\t\t\t\t\t<a href=\"https:\/\/www.lakeareafreeclinic.org\/es\/gira-lafc\/\" title=\"Gira LAFC\"><\/a>\n\t\t\t\t<img loading=\"lazy\" decoding=\"async\" src=\"https:\/\/www.lakeareafreeclinic.org\/wp-content\/uploads\/2022\/02\/Tour-with-Jessica-1024x768.jpg\" alt=\"gira con Jessica\" itemprop=\"image\" data-no-lazy=\"1\" height=\"768\" width=\"1024\" title=\"gira con Jessica\" onerror=\"this.style.display='none'\"  \/>\n\t\t\t\t\t\t\tFeb\n\t\t\t\t11\n\t\t\t\t\t\t\t\t\t<h3 itemprop=\"headline\">\n\t\t\t\t\t\t\t\t\t\t\t\t\t\tGira LAFC\t\t\t\t\t\t\t\t\t\t\t<\/h3>\n    <p>H\u00e1ganos saber si le gustar\u00eda un recorrido por la Cl\u00ednica Gratuita del \u00c1rea del Lago.<\/p>\n\t<meta itemscope itemprop=\"mainEntityOfPage\" itemtype=\"https:\/\/schema.org\/WebPage\" itemid=\"https:\/\/www.lakeareafreeclinic.org\/es\/covid-19\/\" content=\"Informaci\u00f3n de COVID y enlace a kits de prueba gratuitos\" \/><meta itemprop=\"datePublished\" content=\"2022-01-19\" \/><meta itemprop=\"dateModified\" content=\"2022-04-04\" \/><meta itemprop=\"name\" content=\"Lake Area Free Clinic\"\/><meta itemprop=\"url\" content=\"https:\/\/www.lakeareafreeclinic.org\/wp-content\/uploads\/2019\/08\/cropped-lakeareafreecliniclogo-highest-res.jpg\"\/><meta itemprop=\"url\" content=\"https:\/\/www.lakeareafreeclinic.org\/es\/author\/vistalafc\/\" \/><meta itemprop=\"name\" content=\"vista lafc\" \/><meta itemprop=\"url\" content=\"https:\/\/www.lakeareafreeclinic.org\/wp-content\/uploads\/2021\/11\/Covid-Info-Brochure-2021_English-1-e1642606070451.jpg\" \/><meta itemprop=\"width\" content=\"348\" \/><meta itemprop=\"height\" content=\"391\" \/><meta itemprop=\"interactionType\" content=\"https:\/\/schema.org\/CommentAction\" \/><meta itemprop=\"userInteractionCount\" content=\"0\" \/>\n\t\t\t\t\t<a href=\"https:\/\/www.lakeareafreeclinic.org\/es\/covid-19\/\" title=\"Informaci\u00f3n de COVID y enlace a kits de prueba gratuitos\"><\/a>\n\t\t\t\t<img loading=\"lazy\" decoding=\"async\" src=\"https:\/\/www.lakeareafreeclinic.org\/wp-content\/uploads\/2021\/11\/Covid-Info-Brochure-2021_English-1-e1642606070451.jpg\" alt=\"Folleto informativo de Covid 2021_Ingl\u00e9s 1\" itemprop=\"image\" data-no-lazy=\"1\" height=\"391\" width=\"348\" title=\"Folleto informativo de Covid 2021_Ingl\u00e9s 1\" onerror=\"this.style.display='none'\"  \/>\n\t\t\t\t\t\t\tEne\n\t\t\t\t19\n\t\t\t\t\t\t\t\t\t<h3 itemprop=\"headline\">\n\t\t\t\t\t\t\t\t\t\t\t\t\t\tInformaci\u00f3n de COVID y enlace a kits de prueba gratuitos\t\t\t\t\t\t\t\t\t\t\t<\/h3>\n    <p>Esta p\u00e1gina proporciona enlaces a informaci\u00f3n sobre COVID-19 y kits de prueba gratuitos.<\/p>\n\t<meta itemscope itemprop=\"mainEntityOfPage\" itemtype=\"https:\/\/schema.org\/WebPage\" itemid=\"https:\/\/www.lakeareafreeclinic.org\/es\/realice-un-recorrido-virtual\/\" content=\"Realice un recorrido virtual\" \/><meta itemprop=\"datePublished\" content=\"2021-02-26\" \/><meta itemprop=\"dateModified\" content=\"2022-03-29\" \/><meta itemprop=\"name\" content=\"Lake Area Free Clinic\"\/><meta itemprop=\"url\" content=\"https:\/\/www.lakeareafreeclinic.org\/wp-content\/uploads\/2019\/08\/cropped-lakeareafreecliniclogo-highest-res.jpg\"\/><meta itemprop=\"url\" content=\"https:\/\/www.lakeareafreeclinic.org\/es\/author\/vistalafc\/\" \/><meta itemprop=\"name\" content=\"vista lafc\" \/><meta itemprop=\"url\" content=\"https:\/\/www.lakeareafreeclinic.org\/wp-content\/uploads\/2021\/02\/LAFC-Virtual-Tour-Photo.jpg\" \/><meta itemprop=\"width\" content=\"1171\" \/><meta itemprop=\"height\" content=\"645\" \/><meta itemprop=\"interactionType\" content=\"https:\/\/schema.org\/CommentAction\" \/><meta itemprop=\"userInteractionCount\" content=\"0\" \/>\n\t\t\t\t\t<a href=\"https:\/\/www.lakeareafreeclinic.org\/es\/realice-un-recorrido-virtual\/\" title=\"Realice un recorrido virtual\"><\/a>\n\t\t\t\t<img loading=\"lazy\" decoding=\"async\" src=\"https:\/\/www.lakeareafreeclinic.org\/wp-content\/uploads\/2021\/02\/LAFC-Virtual-Tour-Photo-1024x564.jpg\" alt=\"Foto del recorrido virtual de LAFC\" itemprop=\"image\" data-no-lazy=\"1\" height=\"564\" width=\"1024\" title=\"Foto del recorrido virtual de LAFC\" onerror=\"this.style.display='none'\"  \/>\n\t\t\t\t\t\t\tFeb\n\t\t\t\t26\n\t\t\t\t\t\t\t\t\t<h3 itemprop=\"headline\">\n\t\t\t\t\t\t\t\t\t\t\t\t\t\tRealice un recorrido virtual\t\t\t\t\t\t\t\t\t\t\t<\/h3>\n    <p>\u00bfQuieres saber m\u00e1s sobre la Cl\u00ednica Gratuita del \u00c1rea del Lago? T\u00f3mese unos minutos para ver el recorrido virtual con Mary Reich, nuestra Directora Ejecutiva.<\/p>\n\t\t<!-- .pp-content-posts -->\n\n","protected":false},"excerpt":{"rendered":"<p>Cl\u00ednica gratuita del \u00e1rea del lago PRESTACI\u00d3N DE SERVICIOS M\u00c9DICOS GRATUITO Y DENTAL DE TARIFA REDUCIDA DONAR &#8220;Nuestra misi\u00f3n es mejorar la salud en general de las personas que necesiten ayuda.&#8221; \u00daltimas noticias Con\u00e9ctate con nosotros Marque sus calendarios Saturday, September 9 LAFC Gala Join us for the Clinic&#8217;s 19th annual Gala at The Ingleside [&hellip;]<\/p>\n","protected":false},"author":1,"featured_media":0,"parent":0,"menu_order":0,"comment_status":"closed","ping_status":"closed","template":"","meta":{"_exactmetrics_skip_tracking":false,"_exactmetrics_sitenote_active":false,"_exactmetrics_sitenote_note":"","_exactmetrics_sitenote_category":0,"site-sidebar-layout":"no-sidebar","site-content-layout":"page-builder","ast-site-content-layout":"full-width-container","site-content-style":"unboxed","site-sidebar-style":"unboxed","ast-global-header-display":"","ast-banner-title-visibility":"","ast-main-header-display":"","ast-hfb-above-header-display":"","ast-hfb-below-header-display":"","ast-hfb-mobile-header-display":"","site-post-title":"disabled","ast-breadcrumbs-content":"","ast-featured-img":"disabled","footer-sml-layout":"","theme-transparent-header-meta":"default","adv-header-id-meta":"","stick-header-meta":"default","header-above-stick-meta":"","header-main-stick-meta":"","header-below-stick-meta":"","astra-migrate-meta-layouts":"default","ast-page-background-enabled":"default","ast-page-background-meta":{"desktop":{"background-color":"","background-image":"","background-repeat":"repeat","background-position":"center center","background-size":"auto","background-attachment":"scroll","background-type":"","background-media":"","overlay-type":"","overlay-color":"","overlay-opacity":"","overlay-gradient":""},"tablet":{"background-color":"","background-image":"","background-repeat":"repeat","background-position":"center center","background-size":"auto","background-attachment":"scroll","background-type":"","background-media":"","overlay-type":"","overlay-color":"","overlay-opacity":"","overlay-gradient":""},"mobile":{"background-color":"","background-image":"","background-repeat":"repeat","background-position":"center center","background-size":"auto","background-attachment":"scroll","background-type":"","background-media":"","overlay-type":"","overlay-color":"","overlay-opacity":"","overlay-gradient":""}},"ast-content-background-meta":{"desktop":{"background-color":"var(--ast-global-color-5)","background-image":"","background-repeat":"repeat","background-position":"center center","background-size":"auto","background-attachment":"scroll","background-type":"","background-media":"","overlay-type":"","overlay-color":"","overlay-opacity":"","overlay-gradient":""},"tablet":{"background-color":"var(--ast-global-color-5)","background-image":"","background-repeat":"repeat","background-position":"center center","background-size":"auto","background-attachment":"scroll","background-type":"","background-media":"","overlay-type":"","overlay-color":"","overlay-opacity":"","overlay-gradient":""},"mobile":{"background-color":"var(--ast-global-color-5)","background-image":"","background-repeat":"repeat","background-position":"center center","background-size":"auto","background-attachment":"scroll","background-type":"","background-media":"","overlay-type":"","overlay-color":"","overlay-opacity":"","overlay-gradient":""}},"footnotes":""},"class_list":["post-6164","page","type-page","status-publish","hentry"],"aioseo_notices":[],"_links":{"self":[{"href":"https:\/\/www.lakeareafreeclinic.org\/es\/wp-json\/wp\/v2\/pages\/6164","targetHints":{"allow":["GET"]}}],"collection":[{"href":"https:\/\/www.lakeareafreeclinic.org\/es\/wp-json\/wp\/v2\/pages"}],"about":[{"href":"https:\/\/www.lakeareafreeclinic.org\/es\/wp-json\/wp\/v2\/types\/page"}],"author":[{"embeddable":true,"href":"https:\/\/www.lakeareafreeclinic.org\/es\/wp-json\/wp\/v2\/users\/1"}],"replies":[{"embeddable":true,"href":"https:\/\/www.lakeareafreeclinic.org\/es\/wp-json\/wp\/v2\/comments?post=6164"}],"version-history":[{"count":7,"href":"https:\/\/www.lakeareafreeclinic.org\/es\/wp-json\/wp\/v2\/pages\/6164\/revisions"}],"predecessor-version":[{"id":7865,"href":"https:\/\/www.lakeareafreeclinic.org\/es\/wp-json\/wp\/v2\/pages\/6164\/revisions\/7865"}],"wp:attachment":[{"href":"https:\/\/www.lakeareafreeclinic.org\/es\/wp-json\/wp\/v2\/media?parent=6164"}],"curies":[{"name":"wp","href":"https:\/\/api.w.org\/{rel}","templated":true}]}}