{"id":6173,"date":"2011-12-06T04:29:23","date_gmt":"2011-12-06T10:29:23","guid":{"rendered":"https:\/\/www.lakeareafreeclinic.org\/historias-de-pacientes\/"},"modified":"2022-07-21T14:47:50","modified_gmt":"2022-07-21T19:47:50","slug":"historias-de-pacientes","status":"publish","type":"page","link":"https:\/\/www.lakeareafreeclinic.org\/es\/historias-de-pacientes\/","title":{"rendered":"Historias de pacientes"},"content":{"rendered":"\n\n\t\t\t\t<h2>Lo que dicen nuestros pacientes<\/h2>\n\t\t\t\t\t\t\t\t\t\t\t\t\t<em>&#8220;Al Dr. Russler y al personal de la Cl\u00ednica Gratuita del \u00c1rea del Lago: \u00a1GRACIAS! Por su arduo trabajo, tiempo y generosidad&#8230; \u00a1y por tratarme amablemente! \u00a1Dios te bendiga!&#8221;<\/em>\n\t\t\t\t\t\t\t\t\t\t\t\t\t\t\t\t\t<h3>Jay<\/h3>\n\t\t\t\t\t\t\t\t\t\t\t\t\t<p> <em>&#8220;Estimados Donna y colegas de la cl\u00ednica: Me conmovi\u00f3 mucho la esperanza cuando los vi en la sala de emergencias preocup\u00e1ndose tan profunda y activamente por mi bienestar. En medio de este tiempo de dificultad agradezco a Dios por profesionales como usted y todo el personal de su Cl\u00ednica. Por todo lo que haces con tanto amor y dedicaci\u00f3n, que todas las bendiciones sean tuyas&#8221;.<\/em><\/p>\n\t\t\t\t\t\t\t\t\t\t\t\t\t\t\t\t\t<h3>Art<\/h3>\n\t\t\t\t\t\t\t\t\t\t\t\t\t<p><em>&#8220;No se puede decir lo suficiente sobre la gran necesidad y el aprecio por los servicios prestados en la Cl\u00ednica Gratuita del \u00c1rea del Lago. No se puede aplaudir al personal m\u00e9dico que sacrifica su tiempo y esfuerzos para ayudar a los necesitados, los desempleados, los que no tienen seguro y los que viven con ingresos fijos. demasiado.&#8221;<\/em><\/p>\n\t\t\t\t\t\t\t\t\t\t\t\t\t\t\t\t\t<h3>Michael and Diane<\/h3>\n\t\t\t\t\t\t\t\t\t\t\t\t\t<p><em>&#8220;Estimadas Donna, Mary, Jan, enfermeras, m\u00e9dicos y voluntarios: &#8220;&#8230;No s\u00e9 qu\u00e9 hubiera hecho sin su amabilidad y generosidad&#8230;.Ustedes son \u00e1ngeles en la tierra y solo quiero que sepan cu\u00e1nto apreciamos sus esfuerzos . Que maravillosas personas sois. Tenga en cuenta que si puedo ayudarlo de alguna manera, solo tiene que llamar y estar\u00e9 all\u00ed. Me hace sentir orgulloso de poder ayudar, aunque sea de una manera peque\u00f1a, a ser parte de sus maravillosos esfuerzos&#8221;.<\/em><\/p>\n\t\t\t\t\t\t\t\t\t\t\t\t\t\t\t\t\t<h3>Louise<\/h3>\n\t\t\t\t<!-- \/.pp-testimonials -->\n\t<h4><strong>LAFC- Una red de seguridad para la comunidad<\/strong><\/h4>\n<figure id=\"attachment_5893\" aria-describedby=\"caption-attachment-5893\" style=\"width: 300px\" class=\"wp-caption alignright\"><img loading=\"lazy\" decoding=\"async\" src=\"https:\/\/www.lakeareafreeclinic.org\/wp-content\/uploads\/2021\/03\/Michael-300x284.png\" alt=\"\" width=\"300\" height=\"284\"\/><figcaption id=\"caption-attachment-5893\" class=\"wp-caption-text\">Michael fotografiado con su nieto<\/figcaption><\/figure>\n<p>\u00bfAlguna vez tuviste un momento en el que solo necesitabas un poco de ayuda pero no estabas seguro de a d\u00f3nde acudir? Clinic Connection habl\u00f3 con Michael Muns sobre su experiencia en LAFC.<\/p>\n<p>Michael dijo: &#8220;Nunca le hab\u00eda pedido ayuda a nadie. No pude conseguir la ayuda que necesitaba. Alguien recomend\u00f3 la Cl\u00ednica Gratuita del \u00c1rea del Lago. Entr\u00e9 inmediatamente. La Cl\u00ednica era como un faro en la noche&#8221;.<\/p>\n<p>En enero de 2021, Michael volvi\u00f3 a encontrarse temporalmente sin seguro. Durante ese tiempo, se qued\u00f3 sin sus inhaladores. Termin\u00f3 yendo a un departamento de emergencias local en busca de ayuda. La enfermera de alta en el hospital ayud\u00f3 a conectar a Michael con LAFC para que se hiciera cargo de sus costosas recetas, de modo que pudiera cumplir con sus medicamentos. Era un viernes tarde en el d\u00eda. Sabiendo que no pod\u00eda esperar hasta el lunes, Mary Reich, directora ejecutiva de LAFC, reuni\u00f3 sus medicamentos para reunirse con \u00e9l en el hospital. Michael dijo: &#8220;Cuando estaba listo para irme, Mary estaba entrando. Definitivamente lo hiciste por m\u00ed&#8221;.<\/p>\n<p>Lake Area Free Clinic es una red de seguridad para la comunidad. Michael obtuvo acceso al seguro en febrero. En el momento en que necesit\u00f3 ayuda, LAFC estuvo ah\u00ed para \u00e9l.<\/p>\n\t\t\t\t<a href=\"https:\/\/www.youtube.com\/watch?v=28UIo7Ylizg&#038;t=13s\" target=\"_self\" itemprop=\"url\" rel=\"noopener\">\n\t\t\t\t<img loading=\"lazy\" decoding=\"async\" src=\"https:\/\/www.lakeareafreeclinic.org\/wp-content\/uploads\/2020\/01\/Screen-Shot-2020-01-31-at-5.18.23-PM.png\" alt=\"Haga clic para escuchar la historia de Kyle en YouTube\" itemprop=\"image\" height=\"582\" width=\"996\" title=\"Captura de pantalla 2020-01-31 a las 5.18.23 p. m.\" onerror=\"this.style.display='none'\"  \/>\n\t\t\t\t<\/a>\n\t\tHaga clic para escuchar la historia de Kyle en YouTube\n\t<p>la historia de Rosemary<\/p>\n<p><iframe loading=\"lazy\" src=\"https:\/\/www.youtube.com\/embed\/LBv6QHL-jOo\" width=\"425\" height=\"350\" frameborder=\"0\"><\/iframe><\/p>\n<p>La historia de Barb<\/p>\n<p><iframe loading=\"lazy\" src=\"http:\/\/www.youtube.com\/embed\/W9RBxGvVrNk\" width=\"425\" height=\"350\" frameborder=\"0\"><\/iframe><\/p>\n<h5>\n\t\tLa historia de Shantell\n\t<\/h5>\n\t<iframe loading=\"lazy\" title=\"Shantell Testimonial LAFC\" width=\"500\" height=\"281\" src=\"https:\/\/www.youtube.com\/embed\/9NNuWNhIdTQ?feature=oembed\" frameborder=\"0\" allow=\"accelerometer; autoplay; clipboard-write; encrypted-media; gyroscope; picture-in-picture\" allowfullscreen><\/iframe>\n\n","protected":false},"excerpt":{"rendered":"<p>Lo que dicen nuestros pacientes &#8220;Al Dr. Russler y al personal de la Cl\u00ednica Gratuita del \u00c1rea del Lago: \u00a1GRACIAS! Por su arduo trabajo, tiempo y generosidad&#8230; \u00a1y por tratarme amablemente! \u00a1Dios te bendiga!&#8221; Jay &#8220;Estimados Donna y colegas de la cl\u00ednica: Me conmovi\u00f3 mucho la esperanza cuando los vi en la sala de emergencias [&hellip;]<\/p>\n","protected":false},"author":1,"featured_media":0,"parent":0,"menu_order":0,"comment_status":"closed","ping_status":"closed","template":"","meta":{"_exactmetrics_skip_tracking":false,"_exactmetrics_sitenote_active":false,"_exactmetrics_sitenote_note":"","_exactmetrics_sitenote_category":0,"site-sidebar-layout":"default","site-content-layout":"default","ast-site-content-layout":"default","site-content-style":"default","site-sidebar-style":"default","ast-global-header-display":"","ast-banner-title-visibility":"","ast-main-header-display":"","ast-hfb-above-header-display":"","ast-hfb-below-header-display":"","ast-hfb-mobile-header-display":"","site-post-title":"disabled","ast-breadcrumbs-content":"","ast-featured-img":"","footer-sml-layout":"","theme-transparent-header-meta":"default","adv-header-id-meta":"","stick-header-meta":"default","header-above-stick-meta":"","header-main-stick-meta":"","header-below-stick-meta":"","astra-migrate-meta-layouts":"default","ast-page-background-enabled":"default","ast-page-background-meta":{"desktop":{"background-color":"","background-image":"","background-repeat":"repeat","background-position":"center center","background-size":"auto","background-attachment":"scroll","background-type":"","background-media":"","overlay-type":"","overlay-color":"","overlay-opacity":"","overlay-gradient":""},"tablet":{"background-color":"","background-image":"","background-repeat":"repeat","background-position":"center center","background-size":"auto","background-attachment":"scroll","background-type":"","background-media":"","overlay-type":"","overlay-color":"","overlay-opacity":"","overlay-gradient":""},"mobile":{"background-color":"","background-image":"","background-repeat":"repeat","background-position":"center center","background-size":"auto","background-attachment":"scroll","background-type":"","background-media":"","overlay-type":"","overlay-color":"","overlay-opacity":"","overlay-gradient":""}},"ast-content-background-meta":{"desktop":{"background-color":"var(--ast-global-color-5)","background-image":"","background-repeat":"repeat","background-position":"center center","background-size":"auto","background-attachment":"scroll","background-type":"","background-media":"","overlay-type":"","overlay-color":"","overlay-opacity":"","overlay-gradient":""},"tablet":{"background-color":"var(--ast-global-color-5)","background-image":"","background-repeat":"repeat","background-position":"center center","background-size":"auto","background-attachment":"scroll","background-type":"","background-media":"","overlay-type":"","overlay-color":"","overlay-opacity":"","overlay-gradient":""},"mobile":{"background-color":"var(--ast-global-color-5)","background-image":"","background-repeat":"repeat","background-position":"center center","background-size":"auto","background-attachment":"scroll","background-type":"","background-media":"","overlay-type":"","overlay-color":"","overlay-opacity":"","overlay-gradient":""}},"footnotes":""},"class_list":["post-6173","page","type-page","status-publish","hentry"],"aioseo_notices":[],"_links":{"self":[{"href":"https:\/\/www.lakeareafreeclinic.org\/es\/wp-json\/wp\/v2\/pages\/6173","targetHints":{"allow":["GET"]}}],"collection":[{"href":"https:\/\/www.lakeareafreeclinic.org\/es\/wp-json\/wp\/v2\/pages"}],"about":[{"href":"https:\/\/www.lakeareafreeclinic.org\/es\/wp-json\/wp\/v2\/types\/page"}],"author":[{"embeddable":true,"href":"https:\/\/www.lakeareafreeclinic.org\/es\/wp-json\/wp\/v2\/users\/1"}],"replies":[{"embeddable":true,"href":"https:\/\/www.lakeareafreeclinic.org\/es\/wp-json\/wp\/v2\/comments?post=6173"}],"version-history":[{"count":2,"href":"https:\/\/www.lakeareafreeclinic.org\/es\/wp-json\/wp\/v2\/pages\/6173\/revisions"}],"predecessor-version":[{"id":6704,"href":"https:\/\/www.lakeareafreeclinic.org\/es\/wp-json\/wp\/v2\/pages\/6173\/revisions\/6704"}],"wp:attachment":[{"href":"https:\/\/www.lakeareafreeclinic.org\/es\/wp-json\/wp\/v2\/media?parent=6173"}],"curies":[{"name":"wp","href":"https:\/\/api.w.org\/{rel}","templated":true}]}}