{"id":6174,"date":"2011-12-06T04:30:05","date_gmt":"2011-12-06T10:30:05","guid":{"rendered":"https:\/\/www.lakeareafreeclinic.org\/mapa\/"},"modified":"2011-12-06T04:30:05","modified_gmt":"2011-12-06T10:30:05","slug":"mapa","status":"publish","type":"page","link":"https:\/\/www.lakeareafreeclinic.org\/es\/mapa\/","title":{"rendered":"Mapa"},"content":{"rendered":"<h4>La Cl\u00ednica Gratuita del \u00c1rea del Lago est\u00e1 ubicada en:<\/h4>\n<p>856 camino de la armadura<br \/>\nOconomowoc, WI 53066<\/p>\n<p><iframe loading=\"lazy\" src=\"http:\/\/maps.google.com\/maps?f=q&amp;source=s_q&amp;hl=en&amp;geocode=&amp;q=lake+area+free+clinic+oconomowoc&amp;aq=&amp;sll=37.0625,-95.677068&amp;sspn=35.957999,86.572266&amp;vpsrc=6&amp;ie=UTF8&amp;hq=lake+area+free+clinic&amp;hnear=Oconomowoc,+Waukesha,+Wisconsin&amp;t=h&amp;ll=43.105051,-88.483489&amp;spn=0.016197,0.042272&amp;z=14&amp;iwloc=A&amp;cid=12855165844886074497&amp;output=embed\" frameborder=\"0\" marginwidth=\"0\" marginheight=\"0\" scrolling=\"no\" width=\"550\" height=\"600\"><\/iframe><br \/>\n<small><a style=\"color: #0000ff; text-align: left;\" href=\"http:\/\/maps.google.com\/maps?f=q&amp;source=embed&amp;hl=en&amp;geocode=&amp;q=lake+area+free+clinic+oconomowoc&amp;aq=&amp;sll=37.0625,-95.677068&amp;sspn=35.957999,86.572266&amp;vpsrc=6&amp;ie=UTF8&amp;hq=lake+area+free+clinic&amp;hnear=Oconomowoc,+Waukesha,+Wisconsin&amp;t=h&amp;ll=43.105051,-88.483489&amp;spn=0.016197,0.042272&amp;z=14&amp;iwloc=A&amp;cid=12855165844886074497\" target=\"_blank\" rel=\"noopener\">Ver mapa m\u00e1s grande<\/a><\/small><\/p>\n","protected":false},"excerpt":{"rendered":"<p>La Cl\u00ednica Gratuita del \u00c1rea del Lago est\u00e1 ubicada en: 856 camino de la armadura Oconomowoc, WI 53066 Ver mapa m\u00e1s grande<\/p>\n","protected":false},"author":1,"featured_media":0,"parent":0,"menu_order":0,"comment_status":"closed","ping_status":"closed","template":"","meta":{"_exactmetrics_skip_tracking":false,"_exactmetrics_sitenote_active":false,"_exactmetrics_sitenote_note":"","_exactmetrics_sitenote_category":0,"site-sidebar-layout":"default","site-content-layout":"","ast-site-content-layout":"default","site-content-style":"default","site-sidebar-style":"default","ast-global-header-display":"","ast-banner-title-visibility":"","ast-main-header-display":"","ast-hfb-above-header-display":"","ast-hfb-below-header-display":"","ast-hfb-mobile-header-display":"","site-post-title":"","ast-breadcrumbs-content":"","ast-featured-img":"","footer-sml-layout":"","theme-transparent-header-meta":"","adv-header-id-meta":"","stick-header-meta":"","header-above-stick-meta":"","header-main-stick-meta":"","header-below-stick-meta":"","astra-migrate-meta-layouts":"default","ast-page-background-enabled":"default","ast-page-background-meta":{"desktop":{"background-color":"","background-image":"","background-repeat":"repeat","background-position":"center center","background-size":"auto","background-attachment":"scroll","background-type":"","background-media":"","overlay-type":"","overlay-color":"","overlay-opacity":"","overlay-gradient":""},"tablet":{"background-color":"","background-image":"","background-repeat":"repeat","background-position":"center center","background-size":"auto","background-attachment":"scroll","background-type":"","background-media":"","overlay-type":"","overlay-color":"","overlay-opacity":"","overlay-gradient":""},"mobile":{"background-color":"","background-image":"","background-repeat":"repeat","background-position":"center center","background-size":"auto","background-attachment":"scroll","background-type":"","background-media":"","overlay-type":"","overlay-color":"","overlay-opacity":"","overlay-gradient":""}},"ast-content-background-meta":{"desktop":{"background-color":"var(--ast-global-color-5)","background-image":"","background-repeat":"repeat","background-position":"center center","background-size":"auto","background-attachment":"scroll","background-type":"","background-media":"","overlay-type":"","overlay-color":"","overlay-opacity":"","overlay-gradient":""},"tablet":{"background-color":"var(--ast-global-color-5)","background-image":"","background-repeat":"repeat","background-position":"center center","background-size":"auto","background-attachment":"scroll","background-type":"","background-media":"","overlay-type":"","overlay-color":"","overlay-opacity":"","overlay-gradient":""},"mobile":{"background-color":"var(--ast-global-color-5)","background-image":"","background-repeat":"repeat","background-position":"center center","background-size":"auto","background-attachment":"scroll","background-type":"","background-media":"","overlay-type":"","overlay-color":"","overlay-opacity":"","overlay-gradient":""}},"footnotes":""},"class_list":["post-6174","page","type-page","status-publish","hentry"],"aioseo_notices":[],"_links":{"self":[{"href":"https:\/\/www.lakeareafreeclinic.org\/es\/wp-json\/wp\/v2\/pages\/6174","targetHints":{"allow":["GET"]}}],"collection":[{"href":"https:\/\/www.lakeareafreeclinic.org\/es\/wp-json\/wp\/v2\/pages"}],"about":[{"href":"https:\/\/www.lakeareafreeclinic.org\/es\/wp-json\/wp\/v2\/types\/page"}],"author":[{"embeddable":true,"href":"https:\/\/www.lakeareafreeclinic.org\/es\/wp-json\/wp\/v2\/users\/1"}],"replies":[{"embeddable":true,"href":"https:\/\/www.lakeareafreeclinic.org\/es\/wp-json\/wp\/v2\/comments?post=6174"}],"version-history":[{"count":0,"href":"https:\/\/www.lakeareafreeclinic.org\/es\/wp-json\/wp\/v2\/pages\/6174\/revisions"}],"wp:attachment":[{"href":"https:\/\/www.lakeareafreeclinic.org\/es\/wp-json\/wp\/v2\/media?parent=6174"}],"curies":[{"name":"wp","href":"https:\/\/api.w.org\/{rel}","templated":true}]}}