{"id":6175,"date":"2011-12-06T13:18:33","date_gmt":"2011-12-06T19:18:33","guid":{"rendered":"https:\/\/www.lakeareafreeclinic.org\/testimonios-de-pacientes\/"},"modified":"2022-04-06T10:25:14","modified_gmt":"2022-04-06T15:25:14","slug":"testimonios-de-pacientes","status":"publish","type":"page","link":"https:\/\/www.lakeareafreeclinic.org\/es\/testimonios-de-pacientes\/","title":{"rendered":"Testimonios de pacientes"},"content":{"rendered":"<h2>Testimonios de la Cl\u00ednica Gratuita del \u00c1rea del Lago<\/h2>\n<h3>Lo que dicen nuestros pacientes sobre la cl\u00ednica gratuita&#8230;<\/h3>\n<p>De vez en cuando recibimos notas y tarjetas de personas que han obtenido atenci\u00f3n en la Cl\u00ednica. Hay muchas razones por las que las personas ofrecen su tiempo y su talento como voluntarios en la Cl\u00ednica, entre las que se encuentran las sentidas notas de agradecimiento. Aqu\u00ed hay algunos&#8230;<\/p>\n<hr \/>\n<blockquote>\n<p align=\"left\"> <em>&#8220;Al Dr. Russler y al personal de la Cl\u00ednica Gratuita del \u00c1rea del Lago &#8211; \u00a1GRACIAS! Por su <span style=\"text-decoration: underline;\">arduo<\/span> trabajo, tiempo y generosidad&#8230; \u00a1y por tratarme amablemente! \u00a1Dios te bendiga!&#8221;<\/em><\/p>\n<p style=\"text-align: left;\" align=\"right\">&#8211; arrendajo<\/p>\n<\/blockquote>\n<blockquote><p> <em>&#8220;Estimados Donna y colegas de la cl\u00ednica: Me conmovi\u00f3 mucho la esperanza cuando los vi en la sala de emergencias preocup\u00e1ndose tan profunda y activamente por mi bienestar. En medio de este momento de dificultad, estoy agradecido con Dios por profesionales como usted y todo el personal de su Cl\u00ednica, por todo lo que hace con tanto amor y dedicaci\u00f3n, que todas las bendiciones sean suyas.\u201d<\/em><\/p>\n<p style=\"text-align: left;\" align=\"right\"> &#8211; Arte<\/p>\n<\/blockquote>\n<blockquote><p><em>&#8220;Estimadas Donna, Mary, Jan, enfermeras, m\u00e9dicos y voluntarias: &#8220;&#8230; No s\u00e9 qu\u00e9 habr\u00eda hecho sin su amabilidad y generosidad&#8230; Ustedes son \u00e1ngeles en la tierra y solo quiero que sepan cu\u00e1nto sus esfuerzos son apreciados. Que maravillosas personas sois. Tenga en cuenta que si puedo ayudarlo de alguna manera, solo tiene que llamar y estar\u00e9 all\u00ed. Me hace sentir orgulloso de poder ayudar, aunque sea de una manera peque\u00f1a, a ser parte de sus maravillosos esfuerzos&#8221;.<\/em><\/p>\n<p style=\"text-align: left;\" align=\"right\">&#8211; Luisa<\/p>\n<\/blockquote>\n<blockquote><p><em>No se puede decir lo suficiente sobre la gran necesidad y el aprecio por los servicios proporcionados por la Cl\u00ednica Gratuita del \u00c1rea del Lago. No se puede aplaudir demasiado al personal m\u00e9dico que sacrifica su tiempo y esfuerzo para ayudar a los necesitados, a los desempleados, a los que no tienen seguro ya los que viven con ingresos fijos.<\/em><\/p>\n<p style=\"text-align: left;\" align=\"right\">&#8211; Michael y Diane<\/p>\n<\/blockquote>\n","protected":false},"excerpt":{"rendered":"<p>Testimonios de la Cl\u00ednica Gratuita del \u00c1rea del Lago Lo que dicen nuestros pacientes sobre la cl\u00ednica gratuita&#8230; De vez en cuando recibimos notas y tarjetas de personas que han obtenido atenci\u00f3n en la Cl\u00ednica. Hay muchas razones por las que las personas ofrecen su tiempo y su talento como voluntarios en la Cl\u00ednica, entre [&hellip;]<\/p>\n","protected":false},"author":1,"featured_media":0,"parent":0,"menu_order":0,"comment_status":"closed","ping_status":"closed","template":"","meta":{"_exactmetrics_skip_tracking":false,"_exactmetrics_sitenote_active":false,"_exactmetrics_sitenote_note":"","_exactmetrics_sitenote_category":0,"site-sidebar-layout":"default","site-content-layout":"","ast-site-content-layout":"default","site-content-style":"default","site-sidebar-style":"default","ast-global-header-display":"","ast-banner-title-visibility":"","ast-main-header-display":"","ast-hfb-above-header-display":"","ast-hfb-below-header-display":"","ast-hfb-mobile-header-display":"","site-post-title":"","ast-breadcrumbs-content":"","ast-featured-img":"","footer-sml-layout":"","theme-transparent-header-meta":"","adv-header-id-meta":"","stick-header-meta":"","header-above-stick-meta":"","header-main-stick-meta":"","header-below-stick-meta":"","astra-migrate-meta-layouts":"default","ast-page-background-enabled":"default","ast-page-background-meta":{"desktop":{"background-color":"","background-image":"","background-repeat":"repeat","background-position":"center center","background-size":"auto","background-attachment":"scroll","background-type":"","background-media":"","overlay-type":"","overlay-color":"","overlay-opacity":"","overlay-gradient":""},"tablet":{"background-color":"","background-image":"","background-repeat":"repeat","background-position":"center center","background-size":"auto","background-attachment":"scroll","background-type":"","background-media":"","overlay-type":"","overlay-color":"","overlay-opacity":"","overlay-gradient":""},"mobile":{"background-color":"","background-image":"","background-repeat":"repeat","background-position":"center center","background-size":"auto","background-attachment":"scroll","background-type":"","background-media":"","overlay-type":"","overlay-color":"","overlay-opacity":"","overlay-gradient":""}},"ast-content-background-meta":{"desktop":{"background-color":"var(--ast-global-color-5)","background-image":"","background-repeat":"repeat","background-position":"center center","background-size":"auto","background-attachment":"scroll","background-type":"","background-media":"","overlay-type":"","overlay-color":"","overlay-opacity":"","overlay-gradient":""},"tablet":{"background-color":"var(--ast-global-color-5)","background-image":"","background-repeat":"repeat","background-position":"center center","background-size":"auto","background-attachment":"scroll","background-type":"","background-media":"","overlay-type":"","overlay-color":"","overlay-opacity":"","overlay-gradient":""},"mobile":{"background-color":"var(--ast-global-color-5)","background-image":"","background-repeat":"repeat","background-position":"center center","background-size":"auto","background-attachment":"scroll","background-type":"","background-media":"","overlay-type":"","overlay-color":"","overlay-opacity":"","overlay-gradient":""}},"footnotes":""},"class_list":["post-6175","page","type-page","status-publish","hentry"],"aioseo_notices":[],"_links":{"self":[{"href":"https:\/\/www.lakeareafreeclinic.org\/es\/wp-json\/wp\/v2\/pages\/6175","targetHints":{"allow":["GET"]}}],"collection":[{"href":"https:\/\/www.lakeareafreeclinic.org\/es\/wp-json\/wp\/v2\/pages"}],"about":[{"href":"https:\/\/www.lakeareafreeclinic.org\/es\/wp-json\/wp\/v2\/types\/page"}],"author":[{"embeddable":true,"href":"https:\/\/www.lakeareafreeclinic.org\/es\/wp-json\/wp\/v2\/users\/1"}],"replies":[{"embeddable":true,"href":"https:\/\/www.lakeareafreeclinic.org\/es\/wp-json\/wp\/v2\/comments?post=6175"}],"version-history":[{"count":1,"href":"https:\/\/www.lakeareafreeclinic.org\/es\/wp-json\/wp\/v2\/pages\/6175\/revisions"}],"predecessor-version":[{"id":6328,"href":"https:\/\/www.lakeareafreeclinic.org\/es\/wp-json\/wp\/v2\/pages\/6175\/revisions\/6328"}],"wp:attachment":[{"href":"https:\/\/www.lakeareafreeclinic.org\/es\/wp-json\/wp\/v2\/media?parent=6175"}],"curies":[{"name":"wp","href":"https:\/\/api.w.org\/{rel}","templated":true}]}}