{"id":6179,"date":"2015-06-03T18:47:40","date_gmt":"2015-06-03T23:47:40","guid":{"rendered":"https:\/\/www.lakeareafreeclinic.org\/datos-sobre-la-clinica-gratuita-del-area-del-lago\/"},"modified":"2015-06-03T18:47:40","modified_gmt":"2015-06-03T23:47:40","slug":"datos-sobre-la-clinica-gratuita-del-area-del-lago","status":"publish","type":"page","link":"https:\/\/www.lakeareafreeclinic.org\/es\/datos-sobre-la-clinica-gratuita-del-area-del-lago\/","title":{"rendered":"Datos sobre la Cl\u00ednica Gratuita del \u00c1rea del Lago"},"content":{"rendered":"<p style=\"text-align: center;\"><a title=\"quick_facts\" href=\"http:\/\/www.modernmechhvac.com\/facethefacts\/trane\/\" rel=\"attachment\"><img loading=\"lazy\" decoding=\"async\" class=\"attachment-724x724\" src=\"http:\/\/www.modernmechhvac.com\/wp-content\/uploads\/2012\/02\/quick_facts.jpg\" alt=\"quick_facts\" width=\"260\" height=\"202\"\/><\/a><\/p>\n<p><span style=\"color: #000080; font-size: 18pt; background-color: #ffffff;\"><strong>Hechos r\u00e1pidos:<\/strong><\/span><\/p>\n<p><em>En 1999, el Oconomowoc Memorial Hospital pudo documentar a m\u00e1s de 1800 pacientes que ingresaron o acudieron al departamento de emergencias sin seguro m\u00e9dico y que no pod\u00edan pagar su atenci\u00f3n m\u00e9dica. La preocupaci\u00f3n no era solo que las personas sin seguro o sin la capacidad de pago en situaciones m\u00e9dicas agudas acud\u00edan al departamento de emergencias, sino que los pacientes con enfermedades cr\u00f3nicas lo usaban como su fuente de atenci\u00f3n primaria y no ten\u00edan a d\u00f3nde acudir para sus necesidades de atenci\u00f3n m\u00e9dica. Cl\u00ednica gratuita del \u00e1rea del lago <\/em><em>abrimos nuestras puertas en 2001 y nos trasladamos a su ubicaci\u00f3n actual en 2009.<\/em><\/p>\n<p>&nbsp;<\/p>\n<p><span style=\"color: #000080; font-size: 18pt;\"><strong>Apoyado por la comunidad:<\/strong><\/span><\/p>\n<ul>\n<li>LAFC es una organizaci\u00f3n independiente 501(c)(3) <strong><em>financiada \u00fanicamente con donaciones y subvenciones<\/em><\/strong> .<\/li>\n<\/ul>\n<ul>\n<li>ProHealth Care suscribe servicios de laboratorio y radiograf\u00edas.<\/li>\n<li>Aurora Health Care suscribe los servicios de im\u00e1genes de CT y MRI.<\/li>\n<\/ul>\n<ul>\n<li>Brindamos servicios a los residentes del condado de Waukesha (y los l\u00edmites del distrito escolar de Oconomowoc) que no tienen seguro con un <strong><em>ingreso familiar igual o inferior al 250 % del nivel federal de pobreza<\/em><\/strong> .<\/li>\n<li>Contamos con m\u00e1s de <strong><em>220 voluntarios<\/em><\/strong> . Tenemos menos de 3 FTE. En 2014 se realizaron m\u00e1s de 14.000 horas de voluntariado.<\/li>\n<li>Damos <strong><em>la bienvenida a las rotaciones cl\u00ednicas para estudiantes<\/em><\/strong> (voluntarios\/pasantes). Tenemos afiliaciones con WCTC, UWM, Carroll University, Alverno College, Concordia University, Medical College of Wisconsin, Marquette University, Cardinal Stritch University y otras.<\/li>\n<li><strong><em>Utilizamos los recursos que ya<\/em><\/strong> existen para que no haya duplicaci\u00f3n de servicios. Los socios incluyen: Caridades Cat\u00f3licas de Salud P\u00fablica del Condado de Waukesha; Programa WI Well Women; Fundaci\u00f3n de Trastornos de Ansiedad; Salud Mental del Condado de Waukesha; Fundaci\u00f3n Komen y otros.<\/li>\n<\/ul>\n<p><span style=\"color: #000080; font-size: 18pt;\"><strong>Un hogar m\u00e9dico para los necesitados:<\/strong><\/span><\/p>\n<ul>\n<li>Ofrecemos <strong><em>servicios de apoyo a cuidados agudos y cr\u00f3nicos que<\/em><\/strong> incluyen especialidades: Medicina Interna, Ginecolog\u00eda, Cardiolog\u00eda, Hepatolog\u00eda, Nefrolog\u00eda, Reumatolog\u00eda, Psicolog\u00eda, Ortopedia, Consejer\u00eda en Salud Mental, Bienestar, Fisioterapia y Cl\u00ednicas de Diabetes.<\/li>\n<li>Estamos <strong><em>abiertos los martes y jueves por la noche<\/em><\/strong> (sin cita previa) y por la tarde (solo con cita previa). Los pacientes son referidos desde unidades de hospitalizaci\u00f3n, departamentos de emergencia y organizaciones sociales\/c\u00edvicas.<\/li>\n<li>Somos el <strong><em>hogar m\u00e9dico<\/em><\/strong> para nuestros pacientes, brindamos laboratorio, im\u00e1genes, medicamentos sin costo, una red de referencia de especialistas y apoyo y <strong><em>asistencia valiosos para los pacientes que eval\u00faan sus opciones bajo la Ley del Cuidado de Salud a Bajo Precio (ACA)<\/em><\/strong> .<\/li>\n<\/ul>\n<p><span style=\"color: #000080; font-size: 18pt;\"><strong>La necesidad contin\u00faa:<\/strong><\/span><\/p>\n<p>Incluso despu\u00e9s de la implementaci\u00f3n total de la Ley de Cuidado de Salud a Bajo Precio, se estima que 31 millones seguir\u00e1n sin seguro en todo el pa\u00eds. Actualmente se estima que existen <strong><em>23,000 residentes sin seguro en el condado de Waukesha. Tuvimos 4003 visitas de pacientes en 2014.<\/em><\/strong><\/p>\n<p>&nbsp;<\/p>\n<p><span style=\"color: #000080; font-size: 18pt;\"><strong>En 2014:<\/strong><\/span><\/p>\n<p>Promediamos <strong><em>333 visitas de pacientes por mes<\/em><\/strong><\/p>\n<p>Promediamos <strong><em>31 nuevos pacientes por mes<\/em><\/strong><\/p>\n<p>Nuestros <strong><em>costos de medicamentos en 2014 promediaron $6,500\/mes<\/em><\/strong><\/p>\n<ul>\n<li>Desarrollamos <strong><em>protocolos espec\u00edficos para enfermedades<\/em><\/strong> utilizando los formularios de Kmart y Pick &#8216;n Save<\/li>\n<li>Obtuvimos <strong><em>$30,000\/mes en medicamentos gratis de Programas de Asistencia al Paciente<\/em><\/strong><\/li>\n<\/ul>\n<p>Nuestros gastos presupuestados <strong><em>para 2015\u2014 $462,770<\/em><\/strong><\/p>\n","protected":false},"excerpt":{"rendered":"<p>Hechos r\u00e1pidos: En 1999, el Oconomowoc Memorial Hospital pudo documentar a m\u00e1s de 1800 pacientes que ingresaron o acudieron al departamento de emergencias sin seguro m\u00e9dico y que no pod\u00edan pagar su atenci\u00f3n m\u00e9dica. La preocupaci\u00f3n no era solo que las personas sin seguro o sin la capacidad de pago en situaciones m\u00e9dicas agudas acud\u00edan [&hellip;]<\/p>\n","protected":false},"author":1,"featured_media":0,"parent":0,"menu_order":3,"comment_status":"closed","ping_status":"closed","template":"","meta":{"_exactmetrics_skip_tracking":false,"_exactmetrics_sitenote_active":false,"_exactmetrics_sitenote_note":"","_exactmetrics_sitenote_category":0,"site-sidebar-layout":"default","site-content-layout":"","ast-site-content-layout":"default","site-content-style":"default","site-sidebar-style":"default","ast-global-header-display":"","ast-banner-title-visibility":"","ast-main-header-display":"","ast-hfb-above-header-display":"","ast-hfb-below-header-display":"","ast-hfb-mobile-header-display":"","site-post-title":"","ast-breadcrumbs-content":"","ast-featured-img":"","footer-sml-layout":"","theme-transparent-header-meta":"","adv-header-id-meta":"","stick-header-meta":"","header-above-stick-meta":"","header-main-stick-meta":"","header-below-stick-meta":"","astra-migrate-meta-layouts":"default","ast-page-background-enabled":"default","ast-page-background-meta":{"desktop":{"background-color":"","background-image":"","background-repeat":"repeat","background-position":"center center","background-size":"auto","background-attachment":"scroll","background-type":"","background-media":"","overlay-type":"","overlay-color":"","overlay-opacity":"","overlay-gradient":""},"tablet":{"background-color":"","background-image":"","background-repeat":"repeat","background-position":"center center","background-size":"auto","background-attachment":"scroll","background-type":"","background-media":"","overlay-type":"","overlay-color":"","overlay-opacity":"","overlay-gradient":""},"mobile":{"background-color":"","background-image":"","background-repeat":"repeat","background-position":"center center","background-size":"auto","background-attachment":"scroll","background-type":"","background-media":"","overlay-type":"","overlay-color":"","overlay-opacity":"","overlay-gradient":""}},"ast-content-background-meta":{"desktop":{"background-color":"var(--ast-global-color-5)","background-image":"","background-repeat":"repeat","background-position":"center center","background-size":"auto","background-attachment":"scroll","background-type":"","background-media":"","overlay-type":"","overlay-color":"","overlay-opacity":"","overlay-gradient":""},"tablet":{"background-color":"var(--ast-global-color-5)","background-image":"","background-repeat":"repeat","background-position":"center center","background-size":"auto","background-attachment":"scroll","background-type":"","background-media":"","overlay-type":"","overlay-color":"","overlay-opacity":"","overlay-gradient":""},"mobile":{"background-color":"var(--ast-global-color-5)","background-image":"","background-repeat":"repeat","background-position":"center center","background-size":"auto","background-attachment":"scroll","background-type":"","background-media":"","overlay-type":"","overlay-color":"","overlay-opacity":"","overlay-gradient":""}},"footnotes":""},"class_list":["post-6179","page","type-page","status-publish","hentry"],"aioseo_notices":[],"_links":{"self":[{"href":"https:\/\/www.lakeareafreeclinic.org\/es\/wp-json\/wp\/v2\/pages\/6179","targetHints":{"allow":["GET"]}}],"collection":[{"href":"https:\/\/www.lakeareafreeclinic.org\/es\/wp-json\/wp\/v2\/pages"}],"about":[{"href":"https:\/\/www.lakeareafreeclinic.org\/es\/wp-json\/wp\/v2\/types\/page"}],"author":[{"embeddable":true,"href":"https:\/\/www.lakeareafreeclinic.org\/es\/wp-json\/wp\/v2\/users\/1"}],"replies":[{"embeddable":true,"href":"https:\/\/www.lakeareafreeclinic.org\/es\/wp-json\/wp\/v2\/comments?post=6179"}],"version-history":[{"count":0,"href":"https:\/\/www.lakeareafreeclinic.org\/es\/wp-json\/wp\/v2\/pages\/6179\/revisions"}],"wp:attachment":[{"href":"https:\/\/www.lakeareafreeclinic.org\/es\/wp-json\/wp\/v2\/media?parent=6179"}],"curies":[{"name":"wp","href":"https:\/\/api.w.org\/{rel}","templated":true}]}}