{"id":6191,"date":"2018-10-24T14:25:22","date_gmt":"2018-10-24T19:25:22","guid":{"rendered":"https:\/\/www.lakeareafreeclinic.org\/informacion-del-paciente-odontologia\/"},"modified":"2025-06-18T05:54:55","modified_gmt":"2025-06-18T10:54:55","slug":"informacion-del-paciente-odontologia","status":"publish","type":"page","link":"https:\/\/www.lakeareafreeclinic.org\/es\/informacion-del-paciente-odontologia\/","title":{"rendered":"Informaci\u00f3n del paciente &#8211; Dental"},"content":{"rendered":"\n\n\t\t<h2>\n\t\t\tCl\u00ednica dental\n\t\t\t\t\t\t\t\t\t\t\tclinica dental\n\t\t<\/h2>\n<h3>\n\t\tCl\u00ednica dental de tarifa reducida\n\t<\/h3>\n\t<p>Lake Area Free Clinic abri\u00f3 una cl\u00ednica dental con 6 sillas en el 2017. LAFC Dental es el lugar para los que necesitan acceso para tratamiento dental b\u00e1sico, educaci\u00f3n y servicios de referencias. LAFC Dental ayuda a pacientes con Medicaid y pacientes sin aseguranza que viven en el condado de Waukesha o en el \u00e1rea del distrito escolar de Oconomowoc, a quienes los impuestos no sean m\u00e1s de <strong>250% <\/strong>del nivel federal de pobreza. Los servicios dentales est\u00e1n disponibles <strong>por citas solamente.<\/strong>No se acepta pacientes sin citas.<\/p>\n<p><strong>Servicios prestados<\/strong><\/p>\n<ul>\n<li>Limpiezas<\/li>\n<li>Ex\u00e1menes y Rayos X<\/li>\n<li>Extracciones<\/li>\n<li>Rellenos<\/li>\n<li>Tratamiento periodontal no quir\u00fargico<\/li>\n<li>Dentaduras parciales<\/li>\n<li>Endodoncias en dientes frontales<\/li>\n<li>Tiatamento conducto radicular<\/li>\n<li>coronas<\/li>\n<li>Dentadura postiza<\/li>\n<\/ul>\n\t\t\t\t<img loading=\"lazy\" decoding=\"async\" src=\"https:\/\/www.lakeareafreeclinic.org\/wp-content\/uploads\/2022\/03\/Dental-Staff-Photo-scaled.jpg\" alt=\"Foto del personal dental\" itemprop=\"image\" height=\"1920\" width=\"2560\" title=\"Foto del personal dental\" onerror=\"this.style.display='none'\"  \/>\n\t\t\t\tElegibilidad\n\t\t\t\tRegistro\n\t\t\t\tFormularios\n\t\t\t\tPol\u00edticas\n\t\t\t\tHoras\n\t\t\t\t\t\t\tElegibilidad\n\t\t\t\t<ul>\n<li>Debe ser adulto, vivir in en el condado de Waukesha o el distrito escolar de Oconomowoc<\/li>\n<li>Pacientes aceptados:\n<ul>\n<li>Vivir por debajo de 250% del Nivel Federal de Pobreza y no tener seguro m\u00e9dico<\/li>\n<li>Se acepta seguro de Medicaid.<\/li>\n<\/ul>\n<\/li>\n<li>No se acepta aseguranza privada o comercial.<\/li>\n<\/ul>\n\t\t\t\t\t\t\tRegistro\n\t\t\t\t<p>Es necesario que TODO paciente traiga:<\/p>\n<p>Pacientes que tienen seguro de Medicaid:<\/p>\n<ul>\n<li>Identificaci\u00f3n con foto<\/li>\n<li>Tarjeta de seguro &#8211; Si no se presenta la tarjeta no le podemos atender <\/li>\n<li>S\u00f3lo pago en efectivo para copagos Se aplicar\u00e1 una tarifa de transacci\u00f3n para todas las transacciones con tarjeta de cr\u00e9dito\/d\u00e9bito. <\/li>\n<\/ul>\n<p>Pacientes sin seguro:<\/p>\n<ul>\n<li>Identificaci\u00f3n con foto<\/li>\n<li>30 d\u00edas de talones de pago para usted y su c\u00f3nyuge<\/li>\n<li>Declaraci\u00f3n de impuestos 1040 m\u00e1s reciente<\/li>\n<li>Efectivo o tarjeta de cr\u00e9dito\/d\u00e9bito para el copago. Se aplicar\u00e1 una tarifa de transacci\u00f3n para todas las transacciones con tarjeta de cr\u00e9dito\/d\u00e9bito.<\/li>\n<\/ul>\n<p><strong>Formularios de registro<\/strong><\/p>\n<p><a href=\"https:\/\/www.lakeareafreeclinic.org\/wp-content\/uploads\/2019\/11\/2017-Dental-Patient-Registration.pdf\" target=\"_blank\" rel=\"noopener\">Registro de pacientes dentales<\/a><br \/><a href=\"https:\/\/www.lakeareafreeclinic.org\/wp-content\/uploads\/2019\/11\/2017-Dental-Medical-History.pdf\" target=\"_blank\" rel=\"noopener\">LAFC Dental Patient Medical History<\/a><\/p>\n\t\t\t\t\t\t\tFormularios\n\t\t\t\t<p><strong>Formularios de registro<\/strong><\/p>\n<p><a href=\"https:\/\/www.lakeareafreeclinic.org\/wp-content\/uploads\/2019\/11\/2017-Dental-Patient-Registration.pdf\" target=\"_blank\" rel=\"noopener\">Registro de pacientes dentales<\/a><br \/><a href=\"https:\/\/www.lakeareafreeclinic.org\/wp-content\/uploads\/2019\/11\/2017-Dental-Medical-History.pdf\" target=\"_blank\" rel=\"noopener\">Historia m\u00e9dica dental<\/a><\/p>\n\t\t\t\t\t\t\tPol\u00edticas\n\t\t\t\t<p><strong>Pol\u00edtica de cancelaci\u00f3n<\/strong><\/p>\n<p><strong>Si pierde una cita, no se permitir\u00e1 programar una cita durante un a\u00f1o.<\/strong> Hable de esto con el gerente de la cl\u00ednica dental si tiene alguna pregunta.<\/p>\n<p>Si tiene que cancelar una cita, debe avisar con al menos de 24 horas de anticipaci\u00f3n.<\/p>\n<p>La falta de notificaci\u00f3n a la Cl\u00ednica Dental de la cancelaci\u00f3n o la falta de asistencia a una cita programada se considerar\u00e1 una cita perdida.<\/p>\n<p>Llegar 10 o m\u00e1s minutos tarde a una cita se considerar\u00e1 una cita perdida. <\/p>\n<p><strong>Facturas<\/strong><\/p>\n<p>Las facturas de citas para pacientes sin seguro est\u00e1n determinadas por el ingreso bruto mensual y el tama\u00f1o de la familia. Comun\u00edquese con el coordinador de la cl\u00ednica dental si tiene preguntas.<\/p>\n<p>Los pagos deben realizarse en el momento de la cita programada en efectivo o con tarjeta de cr\u00e9dito\/d\u00e9bito. Se aplicar\u00e1 una tarifa de transacci\u00f3n para las transacciones de cr\u00e9dito\/d\u00e9bito. <\/p>\n\t\t\t\t\t\t\tHoras\n\t\t\t\t<p>Pacientes dentales atendidos SOLO CON CITA<\/p>\n<p>\u2022 Lunes a jueves: 8:30-5:00<\/p>\n\t\t\t\t\t\t<figure>\n\t\t\t\t\t\t\t<img loading=\"lazy\" decoding=\"async\" src=\"https:\/\/www.lakeareafreeclinic.org\/wp-content\/uploads\/2019\/12\/Student-2-December-2019-e1647548460819-205x300.jpg\" alt=\"\" srcset=\"https:\/\/www.lakeareafreeclinic.org\/wp-content\/uploads\/2019\/12\/Student-2-December-2019-e1647548460819-205x300.jpg 205w, https:\/\/www.lakeareafreeclinic.org\/wp-content\/uploads\/2019\/12\/Student-2-December-2019-e1647548460819-416x608.jpg 416w, https:\/\/www.lakeareafreeclinic.org\/wp-content\/uploads\/2019\/12\/Student-2-December-2019-e1647548460819.jpg 505w\" width=\"205\" height=\"300\" \/>\n\t\t\t\t\t\t\t\t\t\t\t\t\t<\/figure>\n\t\t\t\t\t\t<figure>\n\t\t\t\t\t\t\t<img loading=\"lazy\" decoding=\"async\" src=\"https:\/\/www.lakeareafreeclinic.org\/wp-content\/uploads\/2019\/11\/dental-clinic-rooms-2-and-3-300x169.jpg\" alt=\"\" srcset=\"https:\/\/www.lakeareafreeclinic.org\/wp-content\/uploads\/2019\/11\/dental-clinic-rooms-2-and-3-300x169.jpg 300w, https:\/\/www.lakeareafreeclinic.org\/wp-content\/uploads\/2019\/11\/dental-clinic-rooms-2-and-3-416x234.jpg 416w, https:\/\/www.lakeareafreeclinic.org\/wp-content\/uploads\/2019\/11\/dental-clinic-rooms-2-and-3-768x432.jpg 768w, https:\/\/www.lakeareafreeclinic.org\/wp-content\/uploads\/2019\/11\/dental-clinic-rooms-2-and-3-1024x576.jpg 1024w\" width=\"300\" height=\"169\" \/>\n\t\t\t\t\t\t\t\t\t\t\t\t\t<\/figure>\n\t\t\t\t\t\t<figure>\n\t\t\t\t\t\t\t<img loading=\"lazy\" decoding=\"async\" src=\"https:\/\/www.lakeareafreeclinic.org\/wp-content\/uploads\/2024\/10\/dental-assistants-2024-225x300.jpg\" alt=\"\" srcset=\"https:\/\/www.lakeareafreeclinic.org\/wp-content\/uploads\/2024\/10\/dental-assistants-2024-225x300.jpg 225w, https:\/\/www.lakeareafreeclinic.org\/wp-content\/uploads\/2024\/10\/dental-assistants-2024-768x1024.jpg 768w, https:\/\/www.lakeareafreeclinic.org\/wp-content\/uploads\/2024\/10\/dental-assistants-2024-1152x1536.jpg 1152w, https:\/\/www.lakeareafreeclinic.org\/wp-content\/uploads\/2024\/10\/dental-assistants-2024.jpg 1200w\" width=\"225\" height=\"300\" \/>\n\t\t\t\t\t\t\t\t\t\t\t\t\t<\/figure>\n\t\t\t\t\t\t<figure>\n\t\t\t\t\t\t\t<img loading=\"lazy\" decoding=\"async\" src=\"https:\/\/www.lakeareafreeclinic.org\/wp-content\/uploads\/2019\/11\/dental-sterilization-1-1-300x169.jpg\" alt=\"\" srcset=\"https:\/\/www.lakeareafreeclinic.org\/wp-content\/uploads\/2019\/11\/dental-sterilization-1-1-300x169.jpg 300w, https:\/\/www.lakeareafreeclinic.org\/wp-content\/uploads\/2019\/11\/dental-sterilization-1-1-416x234.jpg 416w, https:\/\/www.lakeareafreeclinic.org\/wp-content\/uploads\/2019\/11\/dental-sterilization-1-1-768x432.jpg 768w, https:\/\/www.lakeareafreeclinic.org\/wp-content\/uploads\/2019\/11\/dental-sterilization-1-1-1024x576.jpg 1024w\" width=\"300\" height=\"169\" \/>\n\t\t\t\t\t\t\t\t\t\t\t\t\t<\/figure>\n\t\t\t\t\t\t<figure>\n\t\t\t\t\t\t\t<img loading=\"lazy\" decoding=\"async\" src=\"https:\/\/www.lakeareafreeclinic.org\/wp-content\/uploads\/2019\/11\/Dental-Clinic-Photo-outside-300x169.jpg\" alt=\"\" srcset=\"https:\/\/www.lakeareafreeclinic.org\/wp-content\/uploads\/2019\/11\/Dental-Clinic-Photo-outside-300x169.jpg 300w, https:\/\/www.lakeareafreeclinic.org\/wp-content\/uploads\/2019\/11\/Dental-Clinic-Photo-outside-416x234.jpg 416w, https:\/\/www.lakeareafreeclinic.org\/wp-content\/uploads\/2019\/11\/Dental-Clinic-Photo-outside-768x432.jpg 768w, https:\/\/www.lakeareafreeclinic.org\/wp-content\/uploads\/2019\/11\/Dental-Clinic-Photo-outside-1024x576.jpg 1024w\" width=\"300\" height=\"169\" \/>\n\t\t\t\t\t\t\t\t\t\t\t\t\t<\/figure>\n\t\t\t\t\t\t<figure>\n\t\t\t\t\t\t\t<img loading=\"lazy\" decoding=\"async\" src=\"https:\/\/www.lakeareafreeclinic.org\/wp-content\/uploads\/2019\/12\/Waiting-room-Dec-2019-300x142.jpg\" alt=\"Sala de espera dental\" srcset=\"https:\/\/www.lakeareafreeclinic.org\/wp-content\/uploads\/2019\/12\/Waiting-room-Dec-2019-300x142.jpg 300w, https:\/\/www.lakeareafreeclinic.org\/wp-content\/uploads\/2019\/12\/Waiting-room-Dec-2019-416x197.jpg 416w, https:\/\/www.lakeareafreeclinic.org\/wp-content\/uploads\/2019\/12\/Waiting-room-Dec-2019-768x363.jpg 768w, https:\/\/www.lakeareafreeclinic.org\/wp-content\/uploads\/2019\/12\/Waiting-room-Dec-2019-1024x485.jpg 1024w, https:\/\/www.lakeareafreeclinic.org\/wp-content\/uploads\/2019\/12\/Waiting-room-Dec-2019.jpg 2016w\" width=\"300\" height=\"142\" \/>\n\t\t\t\t\t\t\t\t\t\t\t\t\t<\/figure>\n\t\t\t\t\t\t<figure>\n\t\t\t\t\t\t\t<img loading=\"lazy\" decoding=\"async\" src=\"https:\/\/www.lakeareafreeclinic.org\/wp-content\/uploads\/2019\/12\/Student-December-2019-142x300.jpg\" alt=\"\" srcset=\"https:\/\/www.lakeareafreeclinic.org\/wp-content\/uploads\/2019\/12\/Student-December-2019-142x300.jpg 142w, https:\/\/www.lakeareafreeclinic.org\/wp-content\/uploads\/2019\/12\/Student-December-2019-416x879.jpg 416w, https:\/\/www.lakeareafreeclinic.org\/wp-content\/uploads\/2019\/12\/Student-December-2019-768x1623.jpg 768w, https:\/\/www.lakeareafreeclinic.org\/wp-content\/uploads\/2019\/12\/Student-December-2019-484x1024.jpg 484w, https:\/\/www.lakeareafreeclinic.org\/wp-content\/uploads\/2019\/12\/Student-December-2019.jpg 916w\" width=\"142\" height=\"300\" \/>\n\t\t\t\t\t\t\t\t\t\t\t\t\t<\/figure>\n\t\t\t\t\t\t<figure>\n\t\t\t\t\t\t\t<img loading=\"lazy\" decoding=\"async\" src=\"https:\/\/www.lakeareafreeclinic.org\/wp-content\/uploads\/2019\/12\/Op-7-Dec-2019-142x300.jpg\" alt=\"\" srcset=\"https:\/\/www.lakeareafreeclinic.org\/wp-content\/uploads\/2019\/12\/Op-7-Dec-2019-142x300.jpg 142w, https:\/\/www.lakeareafreeclinic.org\/wp-content\/uploads\/2019\/12\/Op-7-Dec-2019-416x881.jpg 416w, https:\/\/www.lakeareafreeclinic.org\/wp-content\/uploads\/2019\/12\/Op-7-Dec-2019-484x1024.jpg 484w, https:\/\/www.lakeareafreeclinic.org\/wp-content\/uploads\/2019\/12\/Op-7-Dec-2019.jpg 694w\" width=\"142\" height=\"300\" \/>\n\t\t\t\t\t\t\t\t\t\t\t\t\t<\/figure>\n\t\t\t\t\t\t<!-- pagination -->\n\t\n","protected":false},"excerpt":{"rendered":"<p>Cl\u00ednica dental clinica dental Cl\u00ednica dental de tarifa reducida Lake Area Free Clinic abri\u00f3 una cl\u00ednica dental con 6 sillas en el 2017. LAFC Dental es el lugar para los que necesitan acceso para tratamiento dental b\u00e1sico, educaci\u00f3n y servicios de referencias. LAFC Dental ayuda a pacientes con Medicaid y pacientes sin aseguranza que viven [&hellip;]<\/p>\n","protected":false},"author":1168,"featured_media":0,"parent":0,"menu_order":0,"comment_status":"closed","ping_status":"closed","template":"","meta":{"_exactmetrics_skip_tracking":false,"_exactmetrics_sitenote_active":false,"_exactmetrics_sitenote_note":"","_exactmetrics_sitenote_category":0,"site-sidebar-layout":"no-sidebar","site-content-layout":"page-builder","ast-site-content-layout":"default","site-content-style":"default","site-sidebar-style":"default","ast-global-header-display":"","ast-banner-title-visibility":"","ast-main-header-display":"","ast-hfb-above-header-display":"","ast-hfb-below-header-display":"","ast-hfb-mobile-header-display":"","site-post-title":"disabled","ast-breadcrumbs-content":"","ast-featured-img":"disabled","footer-sml-layout":"","theme-transparent-header-meta":"default","adv-header-id-meta":"","stick-header-meta":"default","header-above-stick-meta":"","header-main-stick-meta":"","header-below-stick-meta":"","astra-migrate-meta-layouts":"default","ast-page-background-enabled":"default","ast-page-background-meta":{"desktop":{"background-color":"","background-image":"","background-repeat":"repeat","background-position":"center center","background-size":"auto","background-attachment":"scroll","background-type":"","background-media":"","overlay-type":"","overlay-color":"","overlay-opacity":"","overlay-gradient":""},"tablet":{"background-color":"","background-image":"","background-repeat":"repeat","background-position":"center center","background-size":"auto","background-attachment":"scroll","background-type":"","background-media":"","overlay-type":"","overlay-color":"","overlay-opacity":"","overlay-gradient":""},"mobile":{"background-color":"","background-image":"","background-repeat":"repeat","background-position":"center center","background-size":"auto","background-attachment":"scroll","background-type":"","background-media":"","overlay-type":"","overlay-color":"","overlay-opacity":"","overlay-gradient":""}},"ast-content-background-meta":{"desktop":{"background-color":"var(--ast-global-color-5)","background-image":"","background-repeat":"repeat","background-position":"center center","background-size":"auto","background-attachment":"scroll","background-type":"","background-media":"","overlay-type":"","overlay-color":"","overlay-opacity":"","overlay-gradient":""},"tablet":{"background-color":"var(--ast-global-color-5)","background-image":"","background-repeat":"repeat","background-position":"center center","background-size":"auto","background-attachment":"scroll","background-type":"","background-media":"","overlay-type":"","overlay-color":"","overlay-opacity":"","overlay-gradient":""},"mobile":{"background-color":"var(--ast-global-color-5)","background-image":"","background-repeat":"repeat","background-position":"center center","background-size":"auto","background-attachment":"scroll","background-type":"","background-media":"","overlay-type":"","overlay-color":"","overlay-opacity":"","overlay-gradient":""}},"footnotes":""},"class_list":["post-6191","page","type-page","status-publish","hentry"],"aioseo_notices":[],"_links":{"self":[{"href":"https:\/\/www.lakeareafreeclinic.org\/es\/wp-json\/wp\/v2\/pages\/6191","targetHints":{"allow":["GET"]}}],"collection":[{"href":"https:\/\/www.lakeareafreeclinic.org\/es\/wp-json\/wp\/v2\/pages"}],"about":[{"href":"https:\/\/www.lakeareafreeclinic.org\/es\/wp-json\/wp\/v2\/types\/page"}],"author":[{"embeddable":true,"href":"https:\/\/www.lakeareafreeclinic.org\/es\/wp-json\/wp\/v2\/users\/1168"}],"replies":[{"embeddable":true,"href":"https:\/\/www.lakeareafreeclinic.org\/es\/wp-json\/wp\/v2\/comments?post=6191"}],"version-history":[{"count":19,"href":"https:\/\/www.lakeareafreeclinic.org\/es\/wp-json\/wp\/v2\/pages\/6191\/revisions"}],"predecessor-version":[{"id":9694,"href":"https:\/\/www.lakeareafreeclinic.org\/es\/wp-json\/wp\/v2\/pages\/6191\/revisions\/9694"}],"wp:attachment":[{"href":"https:\/\/www.lakeareafreeclinic.org\/es\/wp-json\/wp\/v2\/media?parent=6191"}],"curies":[{"name":"wp","href":"https:\/\/api.w.org\/{rel}","templated":true}]}}