{"id":6228,"date":"2011-12-06T13:19:23","date_gmt":"2011-12-06T19:19:23","guid":{"rendered":"https:\/\/www.lakeareafreeclinic.org\/haz-una-donacion\/"},"modified":"2022-07-22T15:50:55","modified_gmt":"2022-07-22T20:50:55","slug":"haz-una-donacion","status":"publish","type":"page","link":"https:\/\/www.lakeareafreeclinic.org\/es\/haz-una-donacion\/","title":{"rendered":"Haz una donaci\u00f3n"},"content":{"rendered":"\n\n\t\t<h1>\n\t\t\tHaz una donaci\u00f3n\n\t\t\t\t\t\t\t\t\t\t\tN.\u00ba EIN 39-2006388\n\t\t<\/h1>\n\t\t\t<a href=\"https:\/\/www.lakeareafreeclinic.org\/wp-content\/uploads\/2022\/04\/2021-Annual-Report.pdf\" target=\"_blank\" role=\"button\" rel=\"noopener\">\n\t\t\t\t\t\tInforme Anual 2021\n\t\t\t\t\t<\/a>\n\t\t\t<a href=\"https:\/\/www.lakeareafreeclinic.org\/es\/historias-de-pacientes\/\" target=\"_blank\" role=\"button\" rel=\"noopener\">\n\t\t\t\t\t\tHistorias de pacientes\n\t\t\t\t\t<\/a>\n\t\t\t\t\t\t<img decoding=\"async\" src=\"https:\/\/www.lakeareafreeclinic.org\/wp-content\/uploads\/2020\/07\/Logo-image-only-45.png\" alt=\"Logo-image-only-45\" \/>\n<h3>\n\t\tFinancia una necesidad de LAFC\n\t<\/h3>\n\t\t<ul>\n\t\t\t\t\t<li>\n\t\t\t\t<h3>$5,000<\/h3>\n\t\t<p>Se cubre un mes del medicamento recetado para todos los pacientes<\/p>\t\t\t\n\t\t\t<\/li>\n\t\t\t\t\t<li>\n\t\t\t\t<h3>$2,500<\/h3>\n\t\t<p>Se cubre el costo de la atenci\u00f3n dental para 26 pacientes<\/p>\t\t\t\n\t\t\t<\/li>\n\t\t\t\t\t<li>\n\t\t\t\t<h3>$1,000<\/h3>\n\t\t<p>Se cubre el costo de los suministros diab\u00e9ticos por un mes para nuestros pacientes con diabetes<\/p>\t\t\t\n\t\t\t<\/li>\n\t\t\t\t\t<li>\n\t\t\t\t<h3>$500<\/h3>\n\t\t<p>Se provee la transportaci\u00f3n a la cl\u00ednica para pacientes de la atenci\u00f3n m\u00e9dica y dental<\/p>\t\t\t\n\t\t\t<\/li>\n\t\t\t\t<\/ul>\n\t\t<ul>\n\t\t\t\t\t<li>\n\t\t\t\t<h3>$250<\/h3>\n\t\t<p>Se proveen los ultrasonidos para los pacientes<\/p>\t\t\t\n\t\t\t<\/li>\n\t\t\t\t\t<li>\n\t\t\t\t<h3>$100<\/h3>\n\t\t<p>Se proveen los ecocardiogramas para los pacientes<\/p>\t\t\t\n\t\t\t<\/li>\n\t\t\t\t\t<li>\n\t\t\t\t<h3>$50<\/h3>\n\t\t<p>Se proveen los suministros m\u00e9dicos y dentales para los pacientes<\/p>\t\t\t\n\t\t\t<\/li>\n\t\t\t\t\t<li>\n\t\t\t\t<h3>$25<\/h3>\n\t\t<p>Se proveen las medicaciones de venta libre para los pacientes<\/p>\t\t\t\n\t\t\t<\/li>\n\t\t\t\t<\/ul>\n\t<h4>Dependemos de donaciones y subvenciones para proveer los servicios que ofrecemos. Ofrecemos varias opciones f\u00e1ciles:<\/h4>\n\t\t\t\t\t\t<img decoding=\"async\" src=\"https:\/\/www.lakeareafreeclinic.org\/wp-content\/uploads\/2020\/07\/Logo-image-only-45.png\" alt=\"Logo-image-only-45\" \/>\n\t<h3><strong>EN L\u00cdNEA usando PayPal<\/strong><\/h3>\n\t<form action=\"https:\/\/www.paypal.com\/cgi-bin\/webscr\" method=\"post\" target=\"_top\">\n<input type=\"hidden\" name=\"cmd\" value=\"_s-xclick\"\/>\n<input type=\"hidden\" name=\"hosted_button_id\" value=\"P78QESSXMWZ84\"\/>\n<input type=\"image\" src=\"https:\/\/www.paypalobjects.com\/en_US\/i\/btn\/btn_donate_LG.gif\" border=\"0\" name=\"submit\" title=\"PayPal - The safer, easier way to pay online!\" alt=\"Donar con PayPal button\"\/>\n<img loading=\"lazy\" decoding=\"async\" alt=\"\" border=\"0\" src=\"https:\/\/www.paypal.com\/en_US\/i\/scr\/pixel.gif\" width=\"1\" height=\"1\"\/>\n<\/form>\n\t\t\t\t\t\t<img decoding=\"async\" src=\"https:\/\/www.lakeareafreeclinic.org\/wp-content\/uploads\/2020\/07\/Logo-image-only-45.png\" alt=\"Logo-image-only-45\" \/>\n\t<h3><strong>EN L\u00cdNEA con tarjeta de cr\u00e9dito o cuenta del banco<\/strong><\/h3>\n\t<iframe loading=\"lazy\" src=\"https:\/\/forms.donorsnap.com\/form?id=be2d25b3-6778-45cb-8f83-47795a987ff4\" height=\"1950\" width=\"99%\" frameborder=\"0\"><\/iframe><a href=\"http:\/\/www.donorsnap.com\" rel=\"nofollow noopener\" target=\"_blank\" title=\"Formulario en linea Powered by DonorSnap\"><img decoding=\"async\" src=\"https:\/\/www.donorsnap.com\/graphics\/badges\/online-forms-by-donorsnap.png\" alt=\"Online Forms Powered by DonorSnap\"\/><\/a><!-- End DonorSnap form -->\n\t\t\t\t\t\t<img decoding=\"async\" src=\"https:\/\/www.lakeareafreeclinic.org\/wp-content\/uploads\/2020\/07\/Logo-image-only-45.png\" alt=\"Logo-image-only-45\" \/>\n\t<h3><strong>POR TEL\u00c9FONO<\/strong><\/h3>\n<p>por favor llame al 262-569-4990<\/p>\n<p>&nbsp;<\/p>\n\t\t\t\t\t\t<img decoding=\"async\" src=\"https:\/\/www.lakeareafreeclinic.org\/wp-content\/uploads\/2020\/07\/Logo-image-only-45.png\" alt=\"Logo-image-only-45\" \/>\n\t<h3><strong>POR CORREO<\/strong><\/h3>\nImprima el <a href=\"https:\/\/www.lakeareafreeclinic.org\/wp-content\/uploads\/2020\/06\/Mail-In-Donation-Form.pdf\" target=\"_blank\" rel=\"noopener\">formulario de donaci\u00f3n<\/a> y env\u00edelo por correo y cheque a:<br \/>\nCl\u00ednica gratuita del \u00e1rea del lago<br \/>\n856B Armor Road<br \/>\nOconomowoc, WI 53066\n<p>&nbsp;<\/p>\n\t\t\t\t\t\t<img decoding=\"async\" src=\"https:\/\/www.lakeareafreeclinic.org\/wp-content\/uploads\/2020\/07\/Logo-image-only-45.png\" alt=\"Logo-image-only-45\" \/>\n\t<h3><strong>POR EL PROGRAMA SONRISA DE AMAZON<\/strong><\/h3>\n<p>Haga que un porcentaje de sus compras en Amazon vaya a la Cl\u00ednica Gratuita del \u00c1rea del Lago. Visite la <a href=\"https:\/\/www.lakeareafreeclinic.org\/es\/donar-a-traves-de-amazon-smile\/\">p\u00e1gina de donaciones de Amazon<\/a> para m\u00e1s detalles<\/p>\n<p>&nbsp;<\/p>\n\t\t\t\t\t\t<img decoding=\"async\" src=\"https:\/\/www.lakeareafreeclinic.org\/wp-content\/uploads\/2020\/07\/Logo-image-only-45.png\" alt=\"Logo-image-only-45\" \/>\n\t<h3><strong>OTRAS OPCIONES DE DONACI\u00d3N:<\/strong><\/h3>\n<ul>\n<li>*Donaciones de bolsa valores<\/li>\n<li>Seguro de vida<\/li>\n<li>Regalos planificados<\/li>\n<li>legados<\/li>\n<\/ul>\n<p>Lake Area Free Clinic insta a todos los posibles donantes a buscar la ayuda de sus asesores financieros personales en relaci\u00f3n con su donaci\u00f3n.<\/p>\n<p>*Para donaciones de acciones, comun\u00edquese con RW Baird en Oconomowoc al 262-567-9320 y pregunte por Kristin. Dales el n\u00famero de cuenta LAFC 5624-7697. Puede donar sus bolsa de valores a la cuenta de LAFC y Baird se encarga de la transacci\u00f3n.<\/p>\n<p>Llame a Megan al (262) 569-4990 para obtener informaci\u00f3n adicional.<\/p>\n<p>Cualquier pregunta sobre donaciones, comun\u00edquese con <a href=\"mailto:megan@lakeareafreeclinic.org\">megan@lakeareafreeclinic.org<\/a><\/p>\n\t\t\t\t\t\t<img decoding=\"async\" src=\"https:\/\/www.lakeareafreeclinic.org\/wp-content\/uploads\/2020\/07\/Logo-image-only-45.png\" alt=\"Logo-image-only-45\" \/>\n\t<h3><strong>DONAR EN HONOR O MEMORIA DE ALGUIEN<\/strong><\/h3>\n<p>Si desea imprimir una tarjeta de notificaci\u00f3n en honor o en memoria de alguien, haga clic a continuaci\u00f3n.<\/p>\n<a href=\"https:\/\/www.lakeareafreeclinic.org\/wp-content\/uploads\/2020\/07\/Donation-Notification-Card.pdf\" target=\"_blank\" rel=\"noopener\">Certificado de Honor<\/a><a href=\"https:\/\/www.lakeareafreeclinic.org\/wp-content\/uploads\/2011\/12\/Donation-Honor-Form1.pdf\" target=\"_blank\" rel=\"noopener noreferrer\"><br \/>\n<\/a><a href=\"https:\/\/www.lakeareafreeclinic.org\/wp-content\/uploads\/2020\/07\/Memory-Notification-Card.pdf\" target=\"_blank\" rel=\"noopener\">Certificado en memoria<\/a>\n\n","protected":false},"excerpt":{"rendered":"<p>Haz una donaci\u00f3n N.\u00ba EIN 39-2006388 Informe Anual 2021 Historias de pacientes Financia una necesidad de LAFC $5,000 Se cubre un mes del medicamento recetado para todos los pacientes $2,500 Se cubre el costo de la atenci\u00f3n dental para 26 pacientes $1,000 Se cubre el costo de los suministros diab\u00e9ticos por un mes para nuestros [&hellip;]<\/p>\n","protected":false},"author":1,"featured_media":0,"parent":0,"menu_order":0,"comment_status":"closed","ping_status":"closed","template":"","meta":{"_exactmetrics_skip_tracking":false,"_exactmetrics_sitenote_active":false,"_exactmetrics_sitenote_note":"","_exactmetrics_sitenote_category":0,"site-sidebar-layout":"default","site-content-layout":"default","ast-site-content-layout":"default","site-content-style":"default","site-sidebar-style":"default","ast-global-header-display":"","ast-banner-title-visibility":"","ast-main-header-display":"","ast-hfb-above-header-display":"","ast-hfb-below-header-display":"","ast-hfb-mobile-header-display":"","site-post-title":"disabled","ast-breadcrumbs-content":"","ast-featured-img":"","footer-sml-layout":"","theme-transparent-header-meta":"default","adv-header-id-meta":"","stick-header-meta":"default","header-above-stick-meta":"","header-main-stick-meta":"","header-below-stick-meta":"","astra-migrate-meta-layouts":"default","ast-page-background-enabled":"default","ast-page-background-meta":{"desktop":{"background-color":"","background-image":"","background-repeat":"repeat","background-position":"center center","background-size":"auto","background-attachment":"scroll","background-type":"","background-media":"","overlay-type":"","overlay-color":"","overlay-opacity":"","overlay-gradient":""},"tablet":{"background-color":"","background-image":"","background-repeat":"repeat","background-position":"center center","background-size":"auto","background-attachment":"scroll","background-type":"","background-media":"","overlay-type":"","overlay-color":"","overlay-opacity":"","overlay-gradient":""},"mobile":{"background-color":"","background-image":"","background-repeat":"repeat","background-position":"center center","background-size":"auto","background-attachment":"scroll","background-type":"","background-media":"","overlay-type":"","overlay-color":"","overlay-opacity":"","overlay-gradient":""}},"ast-content-background-meta":{"desktop":{"background-color":"var(--ast-global-color-5)","background-image":"","background-repeat":"repeat","background-position":"center center","background-size":"auto","background-attachment":"scroll","background-type":"","background-media":"","overlay-type":"","overlay-color":"","overlay-opacity":"","overlay-gradient":""},"tablet":{"background-color":"var(--ast-global-color-5)","background-image":"","background-repeat":"repeat","background-position":"center center","background-size":"auto","background-attachment":"scroll","background-type":"","background-media":"","overlay-type":"","overlay-color":"","overlay-opacity":"","overlay-gradient":""},"mobile":{"background-color":"var(--ast-global-color-5)","background-image":"","background-repeat":"repeat","background-position":"center center","background-size":"auto","background-attachment":"scroll","background-type":"","background-media":"","overlay-type":"","overlay-color":"","overlay-opacity":"","overlay-gradient":""}},"footnotes":""},"class_list":["post-6228","page","type-page","status-publish","hentry"],"aioseo_notices":[],"_links":{"self":[{"href":"https:\/\/www.lakeareafreeclinic.org\/es\/wp-json\/wp\/v2\/pages\/6228","targetHints":{"allow":["GET"]}}],"collection":[{"href":"https:\/\/www.lakeareafreeclinic.org\/es\/wp-json\/wp\/v2\/pages"}],"about":[{"href":"https:\/\/www.lakeareafreeclinic.org\/es\/wp-json\/wp\/v2\/types\/page"}],"author":[{"embeddable":true,"href":"https:\/\/www.lakeareafreeclinic.org\/es\/wp-json\/wp\/v2\/users\/1"}],"replies":[{"embeddable":true,"href":"https:\/\/www.lakeareafreeclinic.org\/es\/wp-json\/wp\/v2\/comments?post=6228"}],"version-history":[{"count":17,"href":"https:\/\/www.lakeareafreeclinic.org\/es\/wp-json\/wp\/v2\/pages\/6228\/revisions"}],"predecessor-version":[{"id":6722,"href":"https:\/\/www.lakeareafreeclinic.org\/es\/wp-json\/wp\/v2\/pages\/6228\/revisions\/6722"}],"wp:attachment":[{"href":"https:\/\/www.lakeareafreeclinic.org\/es\/wp-json\/wp\/v2\/media?parent=6228"}],"curies":[{"name":"wp","href":"https:\/\/api.w.org\/{rel}","templated":true}]}}