{"id":6425,"date":"2023-04-21T12:58:31","date_gmt":"2023-04-21T17:58:31","guid":{"rendered":"https:\/\/www.lakeareafreeclinic.org\/acerca-de-lafc\/conozca-a-nuestro-personal-de-la-clinica-medica\/"},"modified":"2024-10-25T06:40:23","modified_gmt":"2024-10-25T11:40:23","slug":"conozca-a-nuestro-personal-de-la-clinica-medica","status":"publish","type":"page","link":"https:\/\/www.lakeareafreeclinic.org\/es\/acerca-de-lafc\/conozca-a-nuestro-personal-de-la-clinica-medica\/","title":{"rendered":"Conoce a nuestro personal"},"content":{"rendered":"\n<h2>\n\t\tNuestro personal m\u00e9dico\n\t<\/h2>\n\tMary<br \/>\nDirector Ejecutivo\n<p><img loading=\"lazy\" decoding=\"async\" src=\"https:\/\/www.lakeareafreeclinic.org\/wp-content\/uploads\/2022\/05\/Mary-R-271x300.jpg\" alt=\"\" width=\"271\" height=\"300\"\/><\/p>\n\tMegan<br \/>\nDirector de Marketing y Desarrollo\n<p>&nbsp;<\/p>\n<p><img loading=\"lazy\" decoding=\"async\" src=\"https:\/\/www.lakeareafreeclinic.org\/wp-content\/uploads\/2023\/04\/Megan-head-shot-300x260.jpeg\" alt=\"\" width=\"300\" height=\"260\"\/><\/p>\n\tAnna<br \/>\nDirector de Cl\u00ednica M\u00e9dica\n<p><img loading=\"lazy\" decoding=\"async\" src=\"https:\/\/www.lakeareafreeclinic.org\/wp-content\/uploads\/2022\/03\/Anna-Pludeman-Photo-246x300.jpg\" alt=\"\" width=\"246\" height=\"300\"\/><\/p>\n\t\t\t\t\t\t<img decoding=\"async\" src=\"https:\/\/www.lakeareafreeclinic.org\/wp-content\/uploads\/2020\/07\/Logo-image-only-45.png\" alt=\"Logo-image-only-45\" \/>\n\tBarbara<br \/>\nAdministrador de casos\n<p><img loading=\"lazy\" decoding=\"async\" src=\"https:\/\/www.lakeareafreeclinic.org\/wp-content\/uploads\/2023\/04\/Barbara-3-248x300.jpeg\" alt=\"\" width=\"248\" height=\"300\"\/><\/p>\n\tAna<br \/>\nAdministrador de casos\n<p><img loading=\"lazy\" decoding=\"async\" src=\"https:\/\/www.lakeareafreeclinic.org\/wp-content\/uploads\/2024\/05\/Anne-LAFC-Case-Manager-223x300.jpg\" alt=\"\" width=\"223\" height=\"300\"\/><\/p>\n\tCristal<br \/>\nCoordinador de Cl\u00ednica M\u00e9dica\n<p><img loading=\"lazy\" decoding=\"async\" src=\"https:\/\/www.lakeareafreeclinic.org\/wp-content\/uploads\/2023\/03\/Crystal-Cepican-200x300.jpg\" alt=\"\" width=\"200\" height=\"300\"\/><\/p>\n\t\t\t\t\t\t<img decoding=\"async\" src=\"https:\/\/www.lakeareafreeclinic.org\/wp-content\/uploads\/2020\/07\/Logo-image-only-45.png\" alt=\"Logo-image-only-45\" \/>\n\tGuadalupe<br \/>\nPromotor de la Salud\n<p><a href=\"https:\/\/www.lakeareafreeclinic.org\/wp-content\/uploads\/2024\/10\/loupe-picture.jpg\"><img loading=\"lazy\" decoding=\"async\" src=\"https:\/\/www.lakeareafreeclinic.org\/wp-content\/uploads\/2024\/10\/loupe-picture.jpg\" alt=\"\" width=\"156\" height=\"208\" \/><\/a><\/p>\n\tSarah<br \/>\nEnfermera Practicante\n<p><img loading=\"lazy\" decoding=\"async\" src=\"https:\/\/www.lakeareafreeclinic.org\/wp-content\/uploads\/2024\/05\/07962983-EF42-443D-8B70-B2F5E25C0FBC-300x269.webp\" alt=\"\" width=\"300\" height=\"269\"\/><\/p>\n\tGail<br \/>\nEnfermera Practicante\n<p><img loading=\"lazy\" decoding=\"async\" src=\"https:\/\/www.lakeareafreeclinic.org\/wp-content\/uploads\/2024\/05\/Gail-214x300.jpg\" alt=\"\" width=\"214\" height=\"300\" \/><\/p>\n\t\t\t\t\t\t<img decoding=\"async\" src=\"https:\/\/www.lakeareafreeclinic.org\/wp-content\/uploads\/2020\/07\/Logo-image-only-45.png\" alt=\"Logo-image-only-45\" \/>\n\tKristine<br \/>\nVISTA\n<p><a href=\"https:\/\/www.lakeareafreeclinic.org\/wp-content\/uploads\/2024\/10\/kristine-vista.png\"><img loading=\"lazy\" decoding=\"async\" src=\"https:\/\/www.lakeareafreeclinic.org\/wp-content\/uploads\/2024\/10\/kristine-vista.png\" alt=\"\" width=\"255\" height=\"196\" \/><\/a><\/p>\n<p>&nbsp;<\/p>\n\tPatti<br \/>\nEspecialista en Gesti\u00f3n de Regalos y Datos\n<p><img loading=\"lazy\" decoding=\"async\" src=\"https:\/\/www.lakeareafreeclinic.org\/wp-content\/uploads\/2023\/03\/PATTI-SWIFT-244x300.jpeg\" alt=\"\" width=\"244\" height=\"300\"\/><\/p>\n\tBrenda<br \/>\nRecepcionista Biling\u00fce\n<p><img loading=\"lazy\" decoding=\"async\" src=\"https:\/\/www.lakeareafreeclinic.org\/wp-content\/uploads\/2023\/03\/Brenda-Flores-225x300.jpeg\" alt=\"\" width=\"225\" height=\"300\"\/><\/p>\n\t\t\t\t\t\t<img decoding=\"async\" src=\"https:\/\/www.lakeareafreeclinic.org\/wp-content\/uploads\/2020\/07\/Logo-image-only-45.png\" alt=\"Logo-image-only-45\" \/>\n<h2>\n\t\tNuestro Personal Dental\n\t<\/h2>\n\tDr. Schwade<br \/>\nDentista\n<p><img loading=\"lazy\" decoding=\"async\" src=\"https:\/\/www.lakeareafreeclinic.org\/wp-content\/uploads\/2019\/11\/Schwade-Cropped-Photo-191x300.png\" alt=\"\" width=\"191\" height=\"300\"\/><\/p>\n\tDr. Fern\u00e1ndez<br \/>\nDentista\n<p><img loading=\"lazy\" decoding=\"async\" src=\"https:\/\/www.lakeareafreeclinic.org\/wp-content\/uploads\/2019\/11\/Dr-Fernandez-Nov-2019-142x300.jpg\" alt=\"\" width=\"142\" height=\"300\"\/><\/p>\n\tDr. Bush<br \/>\nDentista\n<p><img loading=\"lazy\" decoding=\"async\" src=\"https:\/\/www.lakeareafreeclinic.org\/wp-content\/uploads\/2023\/03\/Dr.-Bush-225x300.jpeg\" alt=\"\" width=\"225\" height=\"300\"\/><\/p>\n\t\t\t\t\t\t<img decoding=\"async\" src=\"https:\/\/www.lakeareafreeclinic.org\/wp-content\/uploads\/2020\/07\/Logo-image-only-45.png\" alt=\"Logo-image-only-45\" \/>\n\tAlondra<br \/>\nRecepcionista Bilingue\n<p><img loading=\"lazy\" decoding=\"async\" src=\"https:\/\/www.lakeareafreeclinic.org\/wp-content\/uploads\/2023\/03\/Alonodra-Perez-225x300.jpeg\" alt=\"\" width=\"225\" height=\"300\"\/><\/p>\n\tMayra<br \/>\nCoordinador de Tratamiento<br \/>\nEspecialista en Elegibilidad\n<p><img loading=\"lazy\" decoding=\"async\" src=\"https:\/\/www.lakeareafreeclinic.org\/wp-content\/uploads\/2023\/03\/Mayra-Ascencio-217x300.jpeg\" alt=\"\" width=\"217\" height=\"300\"\/><\/p>\n\t\t\t\t\t\t<img decoding=\"async\" src=\"https:\/\/www.lakeareafreeclinic.org\/wp-content\/uploads\/2020\/07\/Logo-image-only-45.png\" alt=\"Logo-image-only-45\" \/>\n\tTina<br \/>\nDirector de Cl\u00ednica Dental e Higienista\n<p><img loading=\"lazy\" decoding=\"async\" src=\"https:\/\/www.lakeareafreeclinic.org\/wp-content\/uploads\/2019\/11\/Tina-Nov-2019-142x300.jpg\" alt=\"\" width=\"142\" height=\"300\"\/><\/p>\n\tPari<br \/>\nHigienista Dental\n<p><img loading=\"lazy\" decoding=\"async\" src=\"https:\/\/www.lakeareafreeclinic.org\/wp-content\/uploads\/2019\/12\/Pari-Nov-2019-142x300.jpg\" alt=\"\" width=\"142\" height=\"300\"\/><\/p>\n\tAngelique<br \/>\nHigienista Dental\n<p><img loading=\"lazy\" decoding=\"async\" src=\"https:\/\/www.lakeareafreeclinic.org\/wp-content\/uploads\/2023\/03\/Angelique-Bruno-image8-225x300.jpeg\" alt=\"\" width=\"225\" height=\"300\"\/><\/p>\n\t\t\t\t\t\t<img decoding=\"async\" src=\"https:\/\/www.lakeareafreeclinic.org\/wp-content\/uploads\/2020\/07\/Logo-image-only-45.png\" alt=\"Logo-image-only-45\" \/>\n\tKayla<br \/>\nAyudante de Dentista\n<p><img loading=\"lazy\" decoding=\"async\" src=\"https:\/\/www.lakeareafreeclinic.org\/wp-content\/uploads\/2019\/11\/Kayla-Nov-2019-142x300.jpg\" alt=\"\" width=\"142\" height=\"300\"\/><\/p>\n\tNicole<br \/>\nAyudante de Dentista\n<p><img loading=\"lazy\" decoding=\"async\" src=\"https:\/\/www.lakeareafreeclinic.org\/wp-content\/uploads\/2023\/03\/Nicole-Barrios-225x300.jpeg\" alt=\"\" width=\"225\" height=\"300\"\/><\/p>\n\n","protected":false},"excerpt":{"rendered":"<p>Nuestro personal m\u00e9dico Mary Director Ejecutivo Megan Director de Marketing y Desarrollo &nbsp; Anna Director de Cl\u00ednica M\u00e9dica Barbara Administrador de casos Ana Administrador de casos Cristal Coordinador de Cl\u00ednica M\u00e9dica Guadalupe Promotor de la Salud Sarah Enfermera Practicante Gail Enfermera Practicante Kristine VISTA &nbsp; Patti Especialista en Gesti\u00f3n de Regalos y Datos Brenda Recepcionista [&hellip;]<\/p>\n","protected":false},"author":1168,"featured_media":0,"parent":6160,"menu_order":0,"comment_status":"closed","ping_status":"closed","template":"","meta":{"_exactmetrics_skip_tracking":false,"_exactmetrics_sitenote_active":false,"_exactmetrics_sitenote_note":"","_exactmetrics_sitenote_category":0,"site-sidebar-layout":"no-sidebar","site-content-layout":"page-builder","ast-site-content-layout":"full-width-container","site-content-style":"unboxed","site-sidebar-style":"unboxed","ast-global-header-display":"","ast-banner-title-visibility":"","ast-main-header-display":"","ast-hfb-above-header-display":"","ast-hfb-below-header-display":"","ast-hfb-mobile-header-display":"","site-post-title":"disabled","ast-breadcrumbs-content":"","ast-featured-img":"disabled","footer-sml-layout":"","theme-transparent-header-meta":"default","adv-header-id-meta":"","stick-header-meta":"default","header-above-stick-meta":"","header-main-stick-meta":"","header-below-stick-meta":"","astra-migrate-meta-layouts":"default","ast-page-background-enabled":"default","ast-page-background-meta":{"desktop":{"background-color":"","background-image":"","background-repeat":"repeat","background-position":"center center","background-size":"auto","background-attachment":"scroll","background-type":"","background-media":"","overlay-type":"","overlay-color":"","overlay-opacity":"","overlay-gradient":""},"tablet":{"background-color":"","background-image":"","background-repeat":"repeat","background-position":"center center","background-size":"auto","background-attachment":"scroll","background-type":"","background-media":"","overlay-type":"","overlay-color":"","overlay-opacity":"","overlay-gradient":""},"mobile":{"background-color":"","background-image":"","background-repeat":"repeat","background-position":"center center","background-size":"auto","background-attachment":"scroll","background-type":"","background-media":"","overlay-type":"","overlay-color":"","overlay-opacity":"","overlay-gradient":""}},"ast-content-background-meta":{"desktop":{"background-color":"var(--ast-global-color-5)","background-image":"","background-repeat":"repeat","background-position":"center center","background-size":"auto","background-attachment":"scroll","background-type":"","background-media":"","overlay-type":"","overlay-color":"","overlay-opacity":"","overlay-gradient":""},"tablet":{"background-color":"var(--ast-global-color-5)","background-image":"","background-repeat":"repeat","background-position":"center center","background-size":"auto","background-attachment":"scroll","background-type":"","background-media":"","overlay-type":"","overlay-color":"","overlay-opacity":"","overlay-gradient":""},"mobile":{"background-color":"var(--ast-global-color-5)","background-image":"","background-repeat":"repeat","background-position":"center center","background-size":"auto","background-attachment":"scroll","background-type":"","background-media":"","overlay-type":"","overlay-color":"","overlay-opacity":"","overlay-gradient":""}},"footnotes":""},"class_list":["post-6425","page","type-page","status-publish","hentry"],"aioseo_notices":[],"_links":{"self":[{"href":"https:\/\/www.lakeareafreeclinic.org\/es\/wp-json\/wp\/v2\/pages\/6425","targetHints":{"allow":["GET"]}}],"collection":[{"href":"https:\/\/www.lakeareafreeclinic.org\/es\/wp-json\/wp\/v2\/pages"}],"about":[{"href":"https:\/\/www.lakeareafreeclinic.org\/es\/wp-json\/wp\/v2\/types\/page"}],"author":[{"embeddable":true,"href":"https:\/\/www.lakeareafreeclinic.org\/es\/wp-json\/wp\/v2\/users\/1168"}],"replies":[{"embeddable":true,"href":"https:\/\/www.lakeareafreeclinic.org\/es\/wp-json\/wp\/v2\/comments?post=6425"}],"version-history":[{"count":10,"href":"https:\/\/www.lakeareafreeclinic.org\/es\/wp-json\/wp\/v2\/pages\/6425\/revisions"}],"predecessor-version":[{"id":9087,"href":"https:\/\/www.lakeareafreeclinic.org\/es\/wp-json\/wp\/v2\/pages\/6425\/revisions\/9087"}],"up":[{"embeddable":true,"href":"https:\/\/www.lakeareafreeclinic.org\/es\/wp-json\/wp\/v2\/pages\/6160"}],"wp:attachment":[{"href":"https:\/\/www.lakeareafreeclinic.org\/es\/wp-json\/wp\/v2\/media?parent=6425"}],"curies":[{"name":"wp","href":"https:\/\/api.w.org\/{rel}","templated":true}]}}